{"id":185,"date":"2024-12-20T14:52:00","date_gmt":"2024-12-20T13:52:00","guid":{"rendered":"https:\/\/lesrecettesdetamita.fr\/?page_id=185"},"modified":"2024-12-20T15:16:00","modified_gmt":"2024-12-20T14:16:00","slug":"informativa-sulla-privacy","status":"publish","type":"page","link":"https:\/\/lesrecettesdetamita.fr\/it\/politique-de-confidentialite\/","title":{"rendered":"Informativa sulla privacy"},"content":{"rendered":"<div data-elementor-type=\"wp-page\" data-elementor-id=\"185\" class=\"elementor elementor-185\" data-elementor-post-type=\"page\">\n\t\t\t\t<div class=\"elementor-element elementor-element-a93775e e-flex e-con-boxed e-con e-parent\" data-id=\"a93775e\" data-element_type=\"container\" data-e-type=\"container\" data-settings=\"{&quot;jet_parallax_layout_list&quot;:[]}\">\n\t\t\t\t\t<div class=\"e-con-inner\">\n\t\t\t\t<div class=\"elementor-element elementor-element-8e1a0ac elementor-widget elementor-widget-heading\" data-id=\"8e1a0ac\" data-element_type=\"widget\" data-e-type=\"widget\" data-widget_type=\"heading.default\">\n\t\t\t\t<div class=\"elementor-widget-container\">\n\t\t\t\t\t<h1 class=\"elementor-heading-title elementor-size-default\">Informativa sulla privacy<\/h1>\t\t\t\t<\/div>\n\t\t\t\t<\/div>\n\t\t\t\t<div class=\"elementor-element elementor-element-94ec036 titre-custom elementor-widget elementor-widget-text-editor\" data-id=\"94ec036\" data-element_type=\"widget\" data-e-type=\"widget\" data-widget_type=\"text-editor.default\">\n\t\t\t\t<div class=\"elementor-widget-container\">\n\t\t\t\t\t\t\t\t\t<p data-pm-slice=\"1 1 []\">Les Recettes de Tamita, in qualit\u00e0 di proprietario del sito web <a>https:\/\/lesrecettesdetamita.fr<\/a>si impegna a proteggere la privacy dei propri utenti e a garantire la riservatezza delle informazioni personali raccolte tramite questo sito.<\/p><h2>1. Responsabile del trattamento dei dati personali<\/h2><p>Il responsabile del trattamento dei dati personali raccolti su questo sito \u00e8: Les Recettes de Tamita Email : <a>contact@lesrecettesdetamita.fr<\/a><\/p><h2>2. Natura dei dati raccolti<\/h2><p>Raccogliamo le seguenti informazioni quando navigate sul nostro sito:<\/p><ul data-spread=\"false\"><li><p>Cognome, nome<\/p><\/li><li><p>Indirizzo e-mail<\/p><\/li><li><p>Numero di telefono<\/p><\/li><li><p>Indirizzo postale (se necessario)<\/p><\/li><\/ul><p>Questi dati vengono raccolti solo quando si compila un modulo di contatto o si invia un'e-mail.<\/p><h2>3. Finalit\u00e0 del trattamento I dati personali raccolti sono utilizzati per :<\/h2><ul data-spread=\"false\"><li><p>Rispondere alle richieste e alle domande inviate tramite il modulo di contatto.<\/p><\/li><li><p>Per migliorare i nostri servizi e le nostre comunicazioni.<\/p><\/li><li><p>Per fornire le informazioni o i servizi richiesti dall'utente.<\/p><\/li><\/ul><h2>4. Conservazione dei dati<\/h2><p>I vostri dati saranno conservati per un massimo di 3 anni dall'ultima volta che ci avete contattato, a meno che non sia necessario un periodo pi\u00f9 lungo per ottemperare a obblighi legali o normativi.<\/p><h2>5. Condivisione dei dati<\/h2><p>Ci impegniamo a non vendere, affittare o scambiare i vostri dati personali con terzi senza il vostro consenso, salvo quando ci\u00f2 sia necessario per adempiere a un obbligo legale.<\/p><h2>6. Sicurezza dei dati<\/h2><p>Adottiamo misure adeguate per proteggere i vostri dati da accessi non autorizzati, perdita, distruzione o divulgazione.<\/p><h2>7. I vostri diritti<\/h2><p>In conformit\u00e0 alla normativa vigente, l'utente gode dei seguenti diritti in relazione ai propri dati personali:<\/p><ul data-spread=\"false\"><li><p>Diritto di accesso<\/p><\/li><li><p>Diritto di rettifica<\/p><\/li><li><p>Diritto alla cancellazione<\/p><\/li><li><p>Diritto di limitare il trattamento<\/p><\/li><li><p>Diritto alla portabilit\u00e0 dei dati<\/p><\/li><li><p>Diritto di opporsi al trattamento<\/p><\/li><\/ul><p>\u00c8 possibile esercitare tali diritti contattandoci al seguente indirizzo <a>contact@lesrecettesdetamita.fr<\/a>.<\/p><h2>8. Utilizzo dei cookie<\/h2><p>Il nostro sito utilizza i cookie per migliorare la vostra esperienza di navigazione. \u00c8 possibile configurare il browser in modo da rifiutare i cookie o da essere informati quando vengono installati. Tuttavia, alcune funzionalit\u00e0 del sito potrebbero non funzionare pi\u00f9 correttamente.<\/p><h2>9. Modifica dell'informativa sulla privacy<\/h2><p>Ci riserviamo il diritto di modificare la presente informativa sulla privacy in qualsiasi momento. Le modifiche saranno pubblicate su questa pagina e avranno effetto immediato.<\/p><h2>10. Contatto<\/h2><p>Per qualsiasi domanda o richiesta relativa alla gestione dei vostri dati personali, potete contattarci via e-mail all'indirizzo <a>contact@lesrecettesdetamita.fr<\/a>.<\/p>\t\t\t\t\t\t\t\t<\/div>\n\t\t\t\t<\/div>\n\t\t\t\t\t<\/div>\n\t\t\t\t<\/div>\n\t\t\t\t<\/div>","protected":false},"excerpt":{"rendered":"<p>Les Recettes de Tamita, en tant que propri\u00e9taire du site internet https:\/\/lesrecettesdetamita.fr, s\u2019engage \u00e0 prot\u00e9ger la vie priv\u00e9e de ses utilisateurs et \u00e0 garantir la confidentialit\u00e9 des informations personnelles collect\u00e9es via ce site. 1. Responsable du traitement des donn\u00e9es personnelles Le responsable du traitement des donn\u00e9es personnelles collect\u00e9es sur ce site est : Les Recettes [&hellip;]<\/p>\n","protected":false},"author":1,"featured_media":0,"parent":0,"menu_order":0,"comment_status":"closed","ping_status":"closed","template":"elementor_header_footer","meta":{"wprm-recipe-roundup-name":"","wprm-recipe-roundup-description":"","footnotes":""},"class_list":["post-185","page","type-page","status-publish","hentry"],"yoast_head":"<!-- This site is optimized with the Yoast SEO plugin v27.6 - https:\/\/yoast.com\/product\/yoast-seo-wordpress\/ -->\n<title>Politique de confidentialit\u00e9 - Les recettes de Tamita<\/title>\n<meta name=\"robots\" content=\"index, follow, max-snippet:-1, max-image-preview:large, max-video-preview:-1\" \/>\n<link rel=\"canonical\" href=\"https:\/\/lesrecettesdetamita.fr\/it\/informativa-sulla-privacy\/\" \/>\n<meta property=\"og:locale\" content=\"it_IT\" \/>\n<meta property=\"og:type\" content=\"article\" \/>\n<meta property=\"og:title\" content=\"Politique de confidentialit\u00e9 - Les recettes de Tamita\" \/>\n<meta property=\"og:description\" content=\"Les Recettes de Tamita, en tant que propri\u00e9taire du site internet https:\/\/lesrecettesdetamita.fr, s\u2019engage \u00e0 prot\u00e9ger la vie priv\u00e9e de ses utilisateurs et \u00e0 garantir la confidentialit\u00e9 des informations personnelles collect\u00e9es via ce site. 1. Responsable du traitement des donn\u00e9es personnelles Le responsable du traitement des donn\u00e9es personnelles collect\u00e9es sur ce site est : Les Recettes [&hellip;]\" \/>\n<meta property=\"og:url\" content=\"https:\/\/lesrecettesdetamita.fr\/it\/informativa-sulla-privacy\/\" \/>\n<meta property=\"og:site_name\" content=\"Les recettes de Tamita\" \/>\n<meta property=\"article:modified_time\" content=\"2024-12-20T14:16:00+00:00\" \/>\n<meta name=\"twitter:card\" content=\"summary_large_image\" \/>\n<meta name=\"twitter:label1\" content=\"Tempo di lettura stimato\" \/>\n\t<meta name=\"twitter:data1\" content=\"2 minuti\" \/>\n<script type=\"application\/ld+json\" class=\"yoast-schema-graph\">{\"@context\":\"https:\\\/\\\/schema.org\",\"@graph\":[{\"@type\":\"WebPage\",\"@id\":\"https:\\\/\\\/lesrecettesdetamita.fr\\\/politique-de-confidentialite\\\/\",\"url\":\"https:\\\/\\\/lesrecettesdetamita.fr\\\/politique-de-confidentialite\\\/\",\"name\":\"Politique de confidentialit\u00e9 - Les recettes de Tamita\",\"isPartOf\":{\"@id\":\"https:\\\/\\\/lesrecettesdetamita.fr\\\/#website\"},\"datePublished\":\"2024-12-20T13:52:00+00:00\",\"dateModified\":\"2024-12-20T14:16:00+00:00\",\"breadcrumb\":{\"@id\":\"https:\\\/\\\/lesrecettesdetamita.fr\\\/politique-de-confidentialite\\\/#breadcrumb\"},\"inLanguage\":\"it-IT\",\"potentialAction\":[{\"@type\":\"ReadAction\",\"target\":[\"https:\\\/\\\/lesrecettesdetamita.fr\\\/politique-de-confidentialite\\\/\"]}]},{\"@type\":\"BreadcrumbList\",\"@id\":\"https:\\\/\\\/lesrecettesdetamita.fr\\\/politique-de-confidentialite\\\/#breadcrumb\",\"itemListElement\":[{\"@type\":\"ListItem\",\"position\":1,\"name\":\"Accueil\",\"item\":\"https:\\\/\\\/lesrecettesdetamita.fr\\\/\"},{\"@type\":\"ListItem\",\"position\":2,\"name\":\"Politique de confidentialit\u00e9\"}]},{\"@type\":\"WebSite\",\"@id\":\"https:\\\/\\\/lesrecettesdetamita.fr\\\/#website\",\"url\":\"https:\\\/\\\/lesrecettesdetamita.fr\\\/\",\"name\":\"Les recettes de Tamita\",\"description\":\"\",\"publisher\":{\"@id\":\"https:\\\/\\\/lesrecettesdetamita.fr\\\/#organization\"},\"potentialAction\":[{\"@type\":\"SearchAction\",\"target\":{\"@type\":\"EntryPoint\",\"urlTemplate\":\"https:\\\/\\\/lesrecettesdetamita.fr\\\/?s={search_term_string}\"},\"query-input\":{\"@type\":\"PropertyValueSpecification\",\"valueRequired\":true,\"valueName\":\"search_term_string\"}}],\"inLanguage\":\"it-IT\"},{\"@type\":\"Organization\",\"@id\":\"https:\\\/\\\/lesrecettesdetamita.fr\\\/#organization\",\"name\":\"Les recettes de Tamita\",\"url\":\"https:\\\/\\\/lesrecettesdetamita.fr\\\/\",\"logo\":{\"@type\":\"ImageObject\",\"inLanguage\":\"it-IT\",\"@id\":\"https:\\\/\\\/lesrecettesdetamita.fr\\\/#\\\/schema\\\/logo\\\/image\\\/\",\"url\":\"https:\\\/\\\/lesrecettesdetamita.fr\\\/wp-content\\\/uploads\\\/2024\\\/12\\\/cropped-cropped-LES-RECETTES-DE-TAMITA-2.png\",\"contentUrl\":\"https:\\\/\\\/lesrecettesdetamita.fr\\\/wp-content\\\/uploads\\\/2024\\\/12\\\/cropped-cropped-LES-RECETTES-DE-TAMITA-2.png\",\"width\":512,\"height\":512,\"caption\":\"Les recettes de Tamita\"},\"image\":{\"@id\":\"https:\\\/\\\/lesrecettesdetamita.fr\\\/#\\\/schema\\\/logo\\\/image\\\/\"}}]}<\/script>\n<!-- \/ Yoast SEO plugin. -->","yoast_head_json":{"title":"Informativa sulla privacy - Le ricette di Tamita","robots":{"index":"index","follow":"follow","max-snippet":"max-snippet:-1","max-image-preview":"max-image-preview:large","max-video-preview":"max-video-preview:-1"},"canonical":"https:\/\/lesrecettesdetamita.fr\/it\/informativa-sulla-privacy\/","og_locale":"it_IT","og_type":"article","og_title":"Politique de confidentialit\u00e9 - Les recettes de Tamita","og_description":"Les Recettes de Tamita, en tant que propri\u00e9taire du site internet https:\/\/lesrecettesdetamita.fr, s\u2019engage \u00e0 prot\u00e9ger la vie priv\u00e9e de ses utilisateurs et \u00e0 garantir la confidentialit\u00e9 des informations personnelles collect\u00e9es via ce site. 1. Responsable du traitement des donn\u00e9es personnelles Le responsable du traitement des donn\u00e9es personnelles collect\u00e9es sur ce site est : Les Recettes [&hellip;]","og_url":"https:\/\/lesrecettesdetamita.fr\/it\/informativa-sulla-privacy\/","og_site_name":"Les recettes de Tamita","article_modified_time":"2024-12-20T14:16:00+00:00","twitter_card":"summary_large_image","twitter_misc":{"Tempo di lettura stimato":"2 minuti"},"schema":{"@context":"https:\/\/schema.org","@graph":[{"@type":"WebPage","@id":"https:\/\/lesrecettesdetamita.fr\/politique-de-confidentialite\/","url":"https:\/\/lesrecettesdetamita.fr\/politique-de-confidentialite\/","name":"Informativa sulla privacy - Le ricette di Tamita","isPartOf":{"@id":"https:\/\/lesrecettesdetamita.fr\/#website"},"datePublished":"2024-12-20T13:52:00+00:00","dateModified":"2024-12-20T14:16:00+00:00","breadcrumb":{"@id":"https:\/\/lesrecettesdetamita.fr\/politique-de-confidentialite\/#breadcrumb"},"inLanguage":"it-IT","potentialAction":[{"@type":"ReadAction","target":["https:\/\/lesrecettesdetamita.fr\/politique-de-confidentialite\/"]}]},{"@type":"BreadcrumbList","@id":"https:\/\/lesrecettesdetamita.fr\/politique-de-confidentialite\/#breadcrumb","itemListElement":[{"@type":"ListItem","position":1,"name":"Accueil","item":"https:\/\/lesrecettesdetamita.fr\/"},{"@type":"ListItem","position":2,"name":"Politique de confidentialit\u00e9"}]},{"@type":"WebSite","@id":"https:\/\/lesrecettesdetamita.fr\/#website","url":"https:\/\/lesrecettesdetamita.fr\/","name":"Ricette Tamita","description":"","publisher":{"@id":"https:\/\/lesrecettesdetamita.fr\/#organization"},"potentialAction":[{"@type":"SearchAction","target":{"@type":"EntryPoint","urlTemplate":"https:\/\/lesrecettesdetamita.fr\/?s={search_term_string}"},"query-input":{"@type":"PropertyValueSpecification","valueRequired":true,"valueName":"search_term_string"}}],"inLanguage":"it-IT"},{"@type":"Organization","@id":"https:\/\/lesrecettesdetamita.fr\/#organization","name":"Ricette Tamita","url":"https:\/\/lesrecettesdetamita.fr\/","logo":{"@type":"ImageObject","inLanguage":"it-IT","@id":"https:\/\/lesrecettesdetamita.fr\/#\/schema\/logo\/image\/","url":"https:\/\/lesrecettesdetamita.fr\/wp-content\/uploads\/2024\/12\/cropped-cropped-LES-RECETTES-DE-TAMITA-2.png","contentUrl":"https:\/\/lesrecettesdetamita.fr\/wp-content\/uploads\/2024\/12\/cropped-cropped-LES-RECETTES-DE-TAMITA-2.png","width":512,"height":512,"caption":"Les recettes de Tamita"},"image":{"@id":"https:\/\/lesrecettesdetamita.fr\/#\/schema\/logo\/image\/"}}]}},"_links":{"self":[{"href":"https:\/\/lesrecettesdetamita.fr\/it\/wp-json\/wp\/v2\/pages\/185","targetHints":{"allow":["GET"]}}],"collection":[{"href":"https:\/\/lesrecettesdetamita.fr\/it\/wp-json\/wp\/v2\/pages"}],"about":[{"href":"https:\/\/lesrecettesdetamita.fr\/it\/wp-json\/wp\/v2\/types\/page"}],"author":[{"embeddable":true,"href":"https:\/\/lesrecettesdetamita.fr\/it\/wp-json\/wp\/v2\/users\/1"}],"replies":[{"embeddable":true,"href":"https:\/\/lesrecettesdetamita.fr\/it\/wp-json\/wp\/v2\/comments?post=185"}],"version-history":[{"count":10,"href":"https:\/\/lesrecettesdetamita.fr\/it\/wp-json\/wp\/v2\/pages\/185\/revisions"}],"predecessor-version":[{"id":233,"href":"https:\/\/lesrecettesdetamita.fr\/it\/wp-json\/wp\/v2\/pages\/185\/revisions\/233"}],"wp:attachment":[{"href":"https:\/\/lesrecettesdetamita.fr\/it\/wp-json\/wp\/v2\/media?parent=185"}],"curies":[{"name":"wp","href":"https:\/\/api.w.org\/{rel}","templated":true}]}}