{"id":34,"date":"2024-12-19T14:43:57","date_gmt":"2024-12-19T13:43:57","guid":{"rendered":"https:\/\/lesrecettesdetamita.fr\/?page_id=34"},"modified":"2025-01-17T16:10:17","modified_gmt":"2025-01-17T15:10:17","slug":"a-propos","status":"publish","type":"page","link":"https:\/\/lesrecettesdetamita.fr\/es\/a-propos\/","title":{"rendered":"Qui\u00e9nes somos"},"content":{"rendered":"<div data-elementor-type=\"wp-page\" data-elementor-id=\"34\" class=\"elementor elementor-34\" data-elementor-post-type=\"page\">\n\t\t\t\t<div class=\"elementor-element elementor-element-0827c5c e-flex e-con-boxed e-con e-parent\" data-id=\"0827c5c\" data-element_type=\"container\" data-e-type=\"container\" data-settings=\"{&quot;jet_parallax_layout_list&quot;:[]}\">\n\t\t\t\t\t<div class=\"e-con-inner\">\n\t\t<div class=\"elementor-element elementor-element-969238a e-con-full e-flex e-con e-child\" data-id=\"969238a\" data-element_type=\"container\" data-e-type=\"container\" data-settings=\"{&quot;jet_parallax_layout_list&quot;:[]}\">\n\t\t\t\t<div class=\"elementor-element elementor-element-0f94024 elementor-widget elementor-widget-heading\" data-id=\"0f94024\" data-element_type=\"widget\" data-e-type=\"widget\" data-widget_type=\"heading.default\">\n\t\t\t\t<div class=\"elementor-widget-container\">\n\t\t\t\t\t<h1 class=\"elementor-heading-title elementor-size-default\">Qui\u00e9nes somos<\/h1>\t\t\t\t<\/div>\n\t\t\t\t<\/div>\n\t\t\t\t<div class=\"elementor-element elementor-element-63adec4 elementor-widget elementor-widget-text-editor\" data-id=\"63adec4\" data-element_type=\"widget\" data-e-type=\"widget\" data-widget_type=\"text-editor.default\">\n\t\t\t\t<div class=\"elementor-widget-container\">\n\t\t\t\t\t\t\t\t\t<p data-pm-slice=\"1 1 []\">Bienvenido al mundo de las recetas Tamita, un viaje culinario rico en sabores e historias.<\/p><p>Tamita creci\u00f3 en Italia, donde su afici\u00f3n por la cocina comenz\u00f3 de ni\u00f1a. A los 7 a\u00f1os hizo su primera pizza, un fracaso memorable, quemada y dura como una piedra, pero que marc\u00f3 el inicio de una gran aventura culinaria.<\/p>\t\t\t\t\t\t\t\t<\/div>\n\t\t\t\t<\/div>\n\t\t\t\t<\/div>\n\t\t<div class=\"elementor-element elementor-element-1b15a60 e-con-full e-flex e-con e-child\" data-id=\"1b15a60\" data-element_type=\"container\" data-e-type=\"container\" data-settings=\"{&quot;jet_parallax_layout_list&quot;:[]}\">\n\t\t\t\t<div class=\"elementor-element elementor-element-277cf9e elementor-widget elementor-widget-image\" data-id=\"277cf9e\" data-element_type=\"widget\" data-e-type=\"widget\" data-widget_type=\"image.default\">\n\t\t\t\t<div class=\"elementor-widget-container\">\n\t\t\t\t\t\t\t\t\t\t\t\t\t\t\t<img fetchpriority=\"high\" decoding=\"async\" width=\"800\" height=\"795\" src=\"https:\/\/lesrecettesdetamita.fr\/wp-content\/uploads\/2025\/01\/54119-1024x1018.jpg\" class=\"attachment-large size-large wp-image-434\" alt=\"\" srcset=\"https:\/\/lesrecettesdetamita.fr\/wp-content\/uploads\/2025\/01\/54119-1024x1018.jpg 1024w, https:\/\/lesrecettesdetamita.fr\/wp-content\/uploads\/2025\/01\/54119-300x298.jpg 300w, https:\/\/lesrecettesdetamita.fr\/wp-content\/uploads\/2025\/01\/54119-150x150.jpg 150w, https:\/\/lesrecettesdetamita.fr\/wp-content\/uploads\/2025\/01\/54119-768x763.jpg 768w, https:\/\/lesrecettesdetamita.fr\/wp-content\/uploads\/2025\/01\/54119-12x12.jpg 12w, https:\/\/lesrecettesdetamita.fr\/wp-content\/uploads\/2025\/01\/54119.jpg 1170w\" sizes=\"(max-width: 800px) 100vw, 800px\" \/>\t\t\t\t\t\t\t\t\t\t\t\t\t\t\t<\/div>\n\t\t\t\t<\/div>\n\t\t\t\t<\/div>\n\t\t\t\t\t<\/div>\n\t\t\t\t<\/div>\n\t\t<div class=\"elementor-element elementor-element-ec2abfe e-flex e-con-boxed e-con e-parent\" data-id=\"ec2abfe\" data-element_type=\"container\" data-e-type=\"container\" data-settings=\"{&quot;background_background&quot;:&quot;classic&quot;,&quot;jet_parallax_layout_list&quot;:[]}\">\n\t\t\t\t\t<div class=\"e-con-inner\">\n\t\t<div class=\"elementor-element elementor-element-c795e96 e-con-full e-flex e-con e-child\" data-id=\"c795e96\" data-element_type=\"container\" data-e-type=\"container\" data-settings=\"{&quot;jet_parallax_layout_list&quot;:[]}\">\n\t\t\t\t<div class=\"elementor-element elementor-element-30509c3 elementor-widget elementor-widget-image\" data-id=\"30509c3\" data-element_type=\"widget\" data-e-type=\"widget\" data-widget_type=\"image.default\">\n\t\t\t\t<div class=\"elementor-widget-container\">\n\t\t\t\t\t\t\t\t\t\t\t\t\t\t\t<img decoding=\"async\" width=\"800\" height=\"794\" src=\"https:\/\/lesrecettesdetamita.fr\/wp-content\/uploads\/2025\/01\/45371-1024x1016.jpg\" class=\"attachment-large size-large wp-image-432\" alt=\"tarta de fresa\" srcset=\"https:\/\/lesrecettesdetamita.fr\/wp-content\/uploads\/2025\/01\/45371-1024x1016.jpg 1024w, https:\/\/lesrecettesdetamita.fr\/wp-content\/uploads\/2025\/01\/45371-300x298.jpg 300w, https:\/\/lesrecettesdetamita.fr\/wp-content\/uploads\/2025\/01\/45371-150x150.jpg 150w, https:\/\/lesrecettesdetamita.fr\/wp-content\/uploads\/2025\/01\/45371-768x762.jpg 768w, https:\/\/lesrecettesdetamita.fr\/wp-content\/uploads\/2025\/01\/45371-12x12.jpg 12w, https:\/\/lesrecettesdetamita.fr\/wp-content\/uploads\/2025\/01\/45371.jpg 1170w\" sizes=\"(max-width: 800px) 100vw, 800px\" \/>\t\t\t\t\t\t\t\t\t\t\t\t\t\t\t<\/div>\n\t\t\t\t<\/div>\n\t\t\t\t<\/div>\n\t\t<div class=\"elementor-element elementor-element-82e378e e-con-full e-flex e-con e-child\" data-id=\"82e378e\" data-element_type=\"container\" data-e-type=\"container\" data-settings=\"{&quot;jet_parallax_layout_list&quot;:[]}\">\n\t\t\t\t<div class=\"elementor-element elementor-element-f67c928 elementor-widget elementor-widget-heading\" data-id=\"f67c928\" data-element_type=\"widget\" data-e-type=\"widget\" data-widget_type=\"heading.default\">\n\t\t\t\t<div class=\"elementor-widget-container\">\n\t\t\t\t\t<h2 class=\"elementor-heading-title elementor-size-default\">Postres excepcionales: de California a Italia<\/h2>\t\t\t\t<\/div>\n\t\t\t\t<\/div>\n\t\t\t\t<div class=\"elementor-element elementor-element-df191f5 elementor-widget elementor-widget-text-editor\" data-id=\"df191f5\" data-element_type=\"widget\" data-e-type=\"widget\" data-widget_type=\"text-editor.default\">\n\t\t\t\t<div class=\"elementor-widget-container\">\n\t\t\t\t\t\t\t\t\t<p data-pm-slice=\"1 1 []\">Sus posteriores viajes la llevaron a descubrir y perfeccionar su talento en la cocina. Durante un a\u00f1o trabaj\u00f3 como pastelera en el prestigioso restaurante Ma Maison de Los \u00c1ngeles, donde aprendi\u00f3 a elaborar una exquisita tarta de fresas, combinando precisi\u00f3n y creatividad.<\/p><p>En Italia, Tamita tambi\u00e9n ha perfeccionado el arte de los aut\u00e9nticos helados artesanales, una tradici\u00f3n culinaria transmitida de generaci\u00f3n en generaci\u00f3n, para crear sabores a la vez cl\u00e1sicos e innovadores.<\/p><p>Cuando vivi\u00f3 tres a\u00f1os en la India, tuvo la oportunidad de aprender los secretos del aut\u00e9ntico curry directamente de las familias locales. Cada receta era un relato de historia, cultura y sabores complejos.<\/p>\t\t\t\t\t\t\t\t<\/div>\n\t\t\t\t<\/div>\n\t\t\t\t<\/div>\n\t\t\t\t\t<\/div>\n\t\t\t\t<\/div>\n\t\t<div class=\"elementor-element elementor-element-bfa8345 e-flex e-con-boxed e-con e-parent\" data-id=\"bfa8345\" data-element_type=\"container\" data-e-type=\"container\" data-settings=\"{&quot;jet_parallax_layout_list&quot;:[]}\">\n\t\t\t\t\t<div class=\"e-con-inner\">\n\t\t<div class=\"elementor-element elementor-element-ce5adf8 e-con-full e-flex e-con e-child\" data-id=\"ce5adf8\" data-element_type=\"container\" data-e-type=\"container\" data-settings=\"{&quot;jet_parallax_layout_list&quot;:[]}\">\n\t\t\t\t<div class=\"elementor-element elementor-element-133024c elementor-widget elementor-widget-heading\" data-id=\"133024c\" data-element_type=\"widget\" data-e-type=\"widget\" data-widget_type=\"heading.default\">\n\t\t\t\t<div class=\"elementor-widget-container\">\n\t\t\t\t\t<h2 class=\"elementor-heading-title elementor-size-default\">Un viaje culinario alrededor del mundo<\/h2>\t\t\t\t<\/div>\n\t\t\t\t<\/div>\n\t\t\t\t<div class=\"elementor-element elementor-element-a5b1e8f elementor-widget elementor-widget-text-editor\" data-id=\"a5b1e8f\" data-element_type=\"widget\" data-e-type=\"widget\" data-widget_type=\"text-editor.default\">\n\t\t\t\t<div class=\"elementor-widget-container\">\n\t\t\t\t\t\t\t\t\t<p data-pm-slice=\"1 1 []\">Rodeada de amigos de todas las nacionalidades a lo largo de su vida, Tamita ha probado multitud de platos. Este sitio web es el fruto de sus exploraciones culinarias por todo el mundo: las mejores recetas de toda una vida, reproducidas con cari\u00f1o para usted.<\/p><p>Si busca recetas aut\u00e9nticas, sabores sorprendentes o simplemente inspiraci\u00f3n para cocinar, ha llegado al lugar adecuado. Prep\u00e1rese para un viaje inolvidable a trav\u00e9s de culturas y tradiciones culinarias de todo el mundo.<\/p>\t\t\t\t\t\t\t\t<\/div>\n\t\t\t\t<\/div>\n\t\t\t\t<\/div>\n\t\t<div class=\"elementor-element elementor-element-4d0737f e-con-full e-flex e-con e-child\" data-id=\"4d0737f\" data-element_type=\"container\" data-e-type=\"container\" data-settings=\"{&quot;jet_parallax_layout_list&quot;:[]}\">\n\t\t\t\t<div class=\"elementor-element elementor-element-3673c3b elementor-widget elementor-widget-image\" data-id=\"3673c3b\" data-element_type=\"widget\" data-e-type=\"widget\" data-widget_type=\"image.default\">\n\t\t\t\t<div class=\"elementor-widget-container\">\n\t\t\t\t\t\t\t\t\t\t\t\t\t\t\t<img decoding=\"async\" width=\"800\" height=\"827\" src=\"https:\/\/lesrecettesdetamita.fr\/wp-content\/uploads\/2025\/01\/97783-990x1024.jpg\" class=\"attachment-large size-large wp-image-433\" alt=\"\" srcset=\"https:\/\/lesrecettesdetamita.fr\/wp-content\/uploads\/2025\/01\/97783-990x1024.jpg 990w, https:\/\/lesrecettesdetamita.fr\/wp-content\/uploads\/2025\/01\/97783-290x300.jpg 290w, https:\/\/lesrecettesdetamita.fr\/wp-content\/uploads\/2025\/01\/97783-768x794.jpg 768w, https:\/\/lesrecettesdetamita.fr\/wp-content\/uploads\/2025\/01\/97783-12x12.jpg 12w, https:\/\/lesrecettesdetamita.fr\/wp-content\/uploads\/2025\/01\/97783.jpg 1170w\" sizes=\"(max-width: 800px) 100vw, 800px\" \/>\t\t\t\t\t\t\t\t\t\t\t\t\t\t\t<\/div>\n\t\t\t\t<\/div>\n\t\t\t\t<\/div>\n\t\t\t\t\t<\/div>\n\t\t\t\t<\/div>\n\t\t\t\t<\/div>","protected":false},"excerpt":{"rendered":"<p>\u00c0 propos Bienvenue dans l&rsquo;univers des recettes de Tamita, un voyage culinaire riche en saveurs et en histoires. Tamita a grandi en Italie, o\u00f9 son amour pour la cuisine a commenc\u00e9 d\u00e8s son enfance. C&rsquo;est \u00e0 l&rsquo;\u00e2ge de 7 ans qu&rsquo;elle a r\u00e9alis\u00e9 sa premi\u00e8re pizza \u2014 un \u00e9chec m\u00e9morable, br\u00fbl\u00e9e et dure comme une [&hellip;]<\/p>\n","protected":false},"author":1,"featured_media":0,"parent":0,"menu_order":0,"comment_status":"closed","ping_status":"closed","template":"elementor_header_footer","meta":{"wprm-recipe-roundup-name":"","wprm-recipe-roundup-description":"","footnotes":""},"class_list":["post-34","page","type-page","status-publish","hentry"],"yoast_head":"<!-- This site is optimized with the Yoast SEO plugin v27.6 - https:\/\/yoast.com\/product\/yoast-seo-wordpress\/ -->\n<title>\u00c0 propos - Les recettes de Tamita<\/title>\n<meta name=\"description\" content=\"Plongez dans l&#039;univers des Recettes de Tamita : un voyage culinaire inspir\u00e9 par la passion des saveurs du monde. D\u00e9couvrez mon histoire et ma mission de partager des recettes authentiques et gourmandes.\" \/>\n<meta name=\"robots\" content=\"index, follow, max-snippet:-1, max-image-preview:large, max-video-preview:-1\" \/>\n<link rel=\"canonical\" href=\"https:\/\/lesrecettesdetamita.fr\/es\/a-propos\/\" \/>\n<meta property=\"og:locale\" content=\"es_ES\" \/>\n<meta property=\"og:type\" content=\"article\" \/>\n<meta property=\"og:title\" content=\"\u00c0 propos - Les recettes de Tamita\" \/>\n<meta property=\"og:description\" content=\"Plongez dans l&#039;univers des Recettes de Tamita : un voyage culinaire inspir\u00e9 par la passion des saveurs du monde. D\u00e9couvrez mon histoire et ma mission de partager des recettes authentiques et gourmandes.\" \/>\n<meta property=\"og:url\" content=\"https:\/\/lesrecettesdetamita.fr\/es\/a-propos\/\" \/>\n<meta property=\"og:site_name\" content=\"Les recettes de Tamita\" \/>\n<meta property=\"article:modified_time\" content=\"2025-01-17T15:10:17+00:00\" \/>\n<meta property=\"og:image\" content=\"https:\/\/lesrecettesdetamita.fr\/wp-content\/uploads\/2025\/01\/54119.jpg\" \/>\n\t<meta property=\"og:image:width\" content=\"1170\" \/>\n\t<meta property=\"og:image:height\" content=\"1163\" \/>\n\t<meta property=\"og:image:type\" content=\"image\/jpeg\" \/>\n<meta name=\"twitter:card\" content=\"summary_large_image\" \/>\n<meta name=\"twitter:label1\" content=\"Tiempo de lectura\" \/>\n\t<meta name=\"twitter:data1\" content=\"2 minutos\" \/>\n<script type=\"application\/ld+json\" class=\"yoast-schema-graph\">{\"@context\":\"https:\\\/\\\/schema.org\",\"@graph\":[{\"@type\":\"WebPage\",\"@id\":\"https:\\\/\\\/lesrecettesdetamita.fr\\\/a-propos\\\/\",\"url\":\"https:\\\/\\\/lesrecettesdetamita.fr\\\/a-propos\\\/\",\"name\":\"\u00c0 propos - Les recettes de Tamita\",\"isPartOf\":{\"@id\":\"https:\\\/\\\/lesrecettesdetamita.fr\\\/#website\"},\"primaryImageOfPage\":{\"@id\":\"https:\\\/\\\/lesrecettesdetamita.fr\\\/a-propos\\\/#primaryimage\"},\"image\":{\"@id\":\"https:\\\/\\\/lesrecettesdetamita.fr\\\/a-propos\\\/#primaryimage\"},\"thumbnailUrl\":\"https:\\\/\\\/lesrecettesdetamita.fr\\\/wp-content\\\/uploads\\\/2025\\\/01\\\/54119-1024x1018.jpg\",\"datePublished\":\"2024-12-19T13:43:57+00:00\",\"dateModified\":\"2025-01-17T15:10:17+00:00\",\"description\":\"Plongez dans l'univers des Recettes de Tamita : un voyage culinaire inspir\u00e9 par la passion des saveurs du monde. D\u00e9couvrez mon histoire et ma mission de partager des recettes authentiques et gourmandes.\",\"breadcrumb\":{\"@id\":\"https:\\\/\\\/lesrecettesdetamita.fr\\\/a-propos\\\/#breadcrumb\"},\"inLanguage\":\"es\",\"potentialAction\":[{\"@type\":\"ReadAction\",\"target\":[\"https:\\\/\\\/lesrecettesdetamita.fr\\\/a-propos\\\/\"]}]},{\"@type\":\"ImageObject\",\"inLanguage\":\"es\",\"@id\":\"https:\\\/\\\/lesrecettesdetamita.fr\\\/a-propos\\\/#primaryimage\",\"url\":\"https:\\\/\\\/lesrecettesdetamita.fr\\\/wp-content\\\/uploads\\\/2025\\\/01\\\/54119-1024x1018.jpg\",\"contentUrl\":\"https:\\\/\\\/lesrecettesdetamita.fr\\\/wp-content\\\/uploads\\\/2025\\\/01\\\/54119-1024x1018.jpg\"},{\"@type\":\"BreadcrumbList\",\"@id\":\"https:\\\/\\\/lesrecettesdetamita.fr\\\/a-propos\\\/#breadcrumb\",\"itemListElement\":[{\"@type\":\"ListItem\",\"position\":1,\"name\":\"Accueil\",\"item\":\"https:\\\/\\\/lesrecettesdetamita.fr\\\/\"},{\"@type\":\"ListItem\",\"position\":2,\"name\":\"\u00c0 propos\"}]},{\"@type\":\"WebSite\",\"@id\":\"https:\\\/\\\/lesrecettesdetamita.fr\\\/#website\",\"url\":\"https:\\\/\\\/lesrecettesdetamita.fr\\\/\",\"name\":\"Les recettes de Tamita\",\"description\":\"\",\"publisher\":{\"@id\":\"https:\\\/\\\/lesrecettesdetamita.fr\\\/#organization\"},\"potentialAction\":[{\"@type\":\"SearchAction\",\"target\":{\"@type\":\"EntryPoint\",\"urlTemplate\":\"https:\\\/\\\/lesrecettesdetamita.fr\\\/?s={search_term_string}\"},\"query-input\":{\"@type\":\"PropertyValueSpecification\",\"valueRequired\":true,\"valueName\":\"search_term_string\"}}],\"inLanguage\":\"es\"},{\"@type\":\"Organization\",\"@id\":\"https:\\\/\\\/lesrecettesdetamita.fr\\\/#organization\",\"name\":\"Les recettes de Tamita\",\"url\":\"https:\\\/\\\/lesrecettesdetamita.fr\\\/\",\"logo\":{\"@type\":\"ImageObject\",\"inLanguage\":\"es\",\"@id\":\"https:\\\/\\\/lesrecettesdetamita.fr\\\/#\\\/schema\\\/logo\\\/image\\\/\",\"url\":\"https:\\\/\\\/lesrecettesdetamita.fr\\\/wp-content\\\/uploads\\\/2024\\\/12\\\/cropped-cropped-LES-RECETTES-DE-TAMITA-2.png\",\"contentUrl\":\"https:\\\/\\\/lesrecettesdetamita.fr\\\/wp-content\\\/uploads\\\/2024\\\/12\\\/cropped-cropped-LES-RECETTES-DE-TAMITA-2.png\",\"width\":512,\"height\":512,\"caption\":\"Les recettes de Tamita\"},\"image\":{\"@id\":\"https:\\\/\\\/lesrecettesdetamita.fr\\\/#\\\/schema\\\/logo\\\/image\\\/\"}}]}<\/script>\n<!-- \/ Yoast SEO plugin. -->","yoast_head_json":{"title":"Sobre nosotros - Tamita recipes","description":"Sum\u00e9rjase en el mundo de Recetas Tamita: un viaje culinario inspirado en la pasi\u00f3n por los sabores del mundo. Descubre mi historia y mi misi\u00f3n de compartir recetas aut\u00e9nticas y gourmet.","robots":{"index":"index","follow":"follow","max-snippet":"max-snippet:-1","max-image-preview":"max-image-preview:large","max-video-preview":"max-video-preview:-1"},"canonical":"https:\/\/lesrecettesdetamita.fr\/es\/a-propos\/","og_locale":"es_ES","og_type":"article","og_title":"\u00c0 propos - Les recettes de Tamita","og_description":"Plongez dans l'univers des Recettes de Tamita : un voyage culinaire inspir\u00e9 par la passion des saveurs du monde. D\u00e9couvrez mon histoire et ma mission de partager des recettes authentiques et gourmandes.","og_url":"https:\/\/lesrecettesdetamita.fr\/es\/a-propos\/","og_site_name":"Les recettes de Tamita","article_modified_time":"2025-01-17T15:10:17+00:00","og_image":[{"width":1170,"height":1163,"url":"https:\/\/lesrecettesdetamita.fr\/wp-content\/uploads\/2025\/01\/54119.jpg","type":"image\/jpeg"}],"twitter_card":"summary_large_image","twitter_misc":{"Tiempo de lectura":"2 minutos"},"schema":{"@context":"https:\/\/schema.org","@graph":[{"@type":"WebPage","@id":"https:\/\/lesrecettesdetamita.fr\/a-propos\/","url":"https:\/\/lesrecettesdetamita.fr\/a-propos\/","name":"Sobre nosotros - Tamita recipes","isPartOf":{"@id":"https:\/\/lesrecettesdetamita.fr\/#website"},"primaryImageOfPage":{"@id":"https:\/\/lesrecettesdetamita.fr\/a-propos\/#primaryimage"},"image":{"@id":"https:\/\/lesrecettesdetamita.fr\/a-propos\/#primaryimage"},"thumbnailUrl":"https:\/\/lesrecettesdetamita.fr\/wp-content\/uploads\/2025\/01\/54119-1024x1018.jpg","datePublished":"2024-12-19T13:43:57+00:00","dateModified":"2025-01-17T15:10:17+00:00","description":"Sum\u00e9rjase en el mundo de Recetas Tamita: un viaje culinario inspirado en la pasi\u00f3n por los sabores del mundo. Descubre mi historia y mi misi\u00f3n de compartir recetas aut\u00e9nticas y gourmet.","breadcrumb":{"@id":"https:\/\/lesrecettesdetamita.fr\/a-propos\/#breadcrumb"},"inLanguage":"es","potentialAction":[{"@type":"ReadAction","target":["https:\/\/lesrecettesdetamita.fr\/a-propos\/"]}]},{"@type":"ImageObject","inLanguage":"es","@id":"https:\/\/lesrecettesdetamita.fr\/a-propos\/#primaryimage","url":"https:\/\/lesrecettesdetamita.fr\/wp-content\/uploads\/2025\/01\/54119-1024x1018.jpg","contentUrl":"https:\/\/lesrecettesdetamita.fr\/wp-content\/uploads\/2025\/01\/54119-1024x1018.jpg"},{"@type":"BreadcrumbList","@id":"https:\/\/lesrecettesdetamita.fr\/a-propos\/#breadcrumb","itemListElement":[{"@type":"ListItem","position":1,"name":"Accueil","item":"https:\/\/lesrecettesdetamita.fr\/"},{"@type":"ListItem","position":2,"name":"\u00c0 propos"}]},{"@type":"WebSite","@id":"https:\/\/lesrecettesdetamita.fr\/#website","url":"https:\/\/lesrecettesdetamita.fr\/","name":"Recetas Tamita","description":"","publisher":{"@id":"https:\/\/lesrecettesdetamita.fr\/#organization"},"potentialAction":[{"@type":"SearchAction","target":{"@type":"EntryPoint","urlTemplate":"https:\/\/lesrecettesdetamita.fr\/?s={search_term_string}"},"query-input":{"@type":"PropertyValueSpecification","valueRequired":true,"valueName":"search_term_string"}}],"inLanguage":"es"},{"@type":"Organization","@id":"https:\/\/lesrecettesdetamita.fr\/#organization","name":"Recetas Tamita","url":"https:\/\/lesrecettesdetamita.fr\/","logo":{"@type":"ImageObject","inLanguage":"es","@id":"https:\/\/lesrecettesdetamita.fr\/#\/schema\/logo\/image\/","url":"https:\/\/lesrecettesdetamita.fr\/wp-content\/uploads\/2024\/12\/cropped-cropped-LES-RECETTES-DE-TAMITA-2.png","contentUrl":"https:\/\/lesrecettesdetamita.fr\/wp-content\/uploads\/2024\/12\/cropped-cropped-LES-RECETTES-DE-TAMITA-2.png","width":512,"height":512,"caption":"Les recettes de Tamita"},"image":{"@id":"https:\/\/lesrecettesdetamita.fr\/#\/schema\/logo\/image\/"}}]}},"_links":{"self":[{"href":"https:\/\/lesrecettesdetamita.fr\/es\/wp-json\/wp\/v2\/pages\/34","targetHints":{"allow":["GET"]}}],"collection":[{"href":"https:\/\/lesrecettesdetamita.fr\/es\/wp-json\/wp\/v2\/pages"}],"about":[{"href":"https:\/\/lesrecettesdetamita.fr\/es\/wp-json\/wp\/v2\/types\/page"}],"author":[{"embeddable":true,"href":"https:\/\/lesrecettesdetamita.fr\/es\/wp-json\/wp\/v2\/users\/1"}],"replies":[{"embeddable":true,"href":"https:\/\/lesrecettesdetamita.fr\/es\/wp-json\/wp\/v2\/comments?post=34"}],"version-history":[{"count":20,"href":"https:\/\/lesrecettesdetamita.fr\/es\/wp-json\/wp\/v2\/pages\/34\/revisions"}],"predecessor-version":[{"id":447,"href":"https:\/\/lesrecettesdetamita.fr\/es\/wp-json\/wp\/v2\/pages\/34\/revisions\/447"}],"wp:attachment":[{"href":"https:\/\/lesrecettesdetamita.fr\/es\/wp-json\/wp\/v2\/media?parent=34"}],"curies":[{"name":"wp","href":"https:\/\/api.w.org\/{rel}","templated":true}]}}