{"id":185,"date":"2024-12-20T14:52:00","date_gmt":"2024-12-20T13:52:00","guid":{"rendered":"https:\/\/lesrecettesdetamita.fr\/?page_id=185"},"modified":"2024-12-20T15:16:00","modified_gmt":"2024-12-20T14:16:00","slug":"politica-de-privacidad","status":"publish","type":"page","link":"https:\/\/lesrecettesdetamita.fr\/es\/politique-de-confidentialite\/","title":{"rendered":"Pol\u00edtica de privacidad"},"content":{"rendered":"<div data-elementor-type=\"wp-page\" data-elementor-id=\"185\" class=\"elementor elementor-185\" data-elementor-post-type=\"page\">\n\t\t\t\t<div class=\"elementor-element elementor-element-a93775e e-flex e-con-boxed e-con e-parent\" data-id=\"a93775e\" data-element_type=\"container\" data-e-type=\"container\" data-settings=\"{&quot;jet_parallax_layout_list&quot;:[]}\">\n\t\t\t\t\t<div class=\"e-con-inner\">\n\t\t\t\t<div class=\"elementor-element elementor-element-8e1a0ac elementor-widget elementor-widget-heading\" data-id=\"8e1a0ac\" data-element_type=\"widget\" data-e-type=\"widget\" data-widget_type=\"heading.default\">\n\t\t\t\t<div class=\"elementor-widget-container\">\n\t\t\t\t\t<h1 class=\"elementor-heading-title elementor-size-default\">Pol\u00edtica de privacidad<\/h1>\t\t\t\t<\/div>\n\t\t\t\t<\/div>\n\t\t\t\t<div class=\"elementor-element elementor-element-94ec036 titre-custom elementor-widget elementor-widget-text-editor\" data-id=\"94ec036\" data-element_type=\"widget\" data-e-type=\"widget\" data-widget_type=\"text-editor.default\">\n\t\t\t\t<div class=\"elementor-widget-container\">\n\t\t\t\t\t\t\t\t\t<p data-pm-slice=\"1 1 []\">Les Recettes de Tamita, como propietaria del sitio web <a>https:\/\/lesrecettesdetamita.fr<\/a>se compromete a proteger la privacidad de sus usuarios y a garantizar la confidencialidad de cualquier informaci\u00f3n personal recogida a trav\u00e9s de este sitio.<\/p><h2>1. Responsable del tratamiento de datos personales<\/h2><p>El responsable del tratamiento de los datos personales recogidos en este sitio es: Les Recettes de Tamita Email : <a>contact@lesrecettesdetamita.fr<\/a><\/p><h2>2. Naturaleza de los datos recogidos<\/h2><p>Recogemos la siguiente informaci\u00f3n cuando navega por nuestro sitio:<\/p><ul data-spread=\"false\"><li><p>Apellido, nombre<\/p><\/li><li><p>Direcci\u00f3n de correo electr\u00f3nico<\/p><\/li><li><p>N\u00famero de tel\u00e9fono<\/p><\/li><li><p>Direcci\u00f3n postal (si es necesario)<\/p><\/li><\/ul><p>Estos datos s\u00f3lo se recogen cuando usted rellena un formulario de contacto o env\u00eda un correo electr\u00f3nico.<\/p><h2>3. Finalidades del tratamiento de datos Los datos personales recogidos se utilizan para:<\/h2><ul data-spread=\"false\"><li><p>Responder a las solicitudes y preguntas enviadas a trav\u00e9s del formulario de contacto.<\/p><\/li><li><p>Para mejorar nuestros servicios y comunicaciones.<\/p><\/li><li><p>Proporcionar la informaci\u00f3n o los servicios solicitados por el usuario.<\/p><\/li><\/ul><h2>4. 4. Conservaci\u00f3n de datos<\/h2><p>Sus datos se conservar\u00e1n durante un m\u00e1ximo de 3 a\u00f1os a partir de la \u00faltima vez que se puso en contacto con nosotros, a menos que sea necesario un periodo m\u00e1s largo para cumplir con obligaciones legales o reglamentarias.<\/p><h2>5. 5. Intercambio de datos<\/h2><p>Nos comprometemos a no vender, alquilar o intercambiar sus datos personales con terceros sin su consentimiento, excepto cuando sea necesario para cumplir una obligaci\u00f3n legal.<\/p><h2>6. 6. Seguridad de los datos<\/h2><p>Tomamos las medidas adecuadas para proteger sus datos contra el acceso no autorizado, la p\u00e9rdida, la destrucci\u00f3n o la divulgaci\u00f3n.<\/p><h2>7. Sus derechos<\/h2><p>De conformidad con la legislaci\u00f3n vigente, usted tiene los siguientes derechos en relaci\u00f3n con sus datos personales:<\/p><ul data-spread=\"false\"><li><p>Derecho de acceso<\/p><\/li><li><p>Derecho de rectificaci\u00f3n<\/p><\/li><li><p>Derecho de supresi\u00f3n<\/p><\/li><li><p>Derecho a restringir el tratamiento<\/p><\/li><li><p>Derecho a la portabilidad de los datos<\/p><\/li><li><p>Derecho a oponerse al tratamiento<\/p><\/li><\/ul><p>Puede ejercer estos derechos poni\u00e9ndose en contacto con nosotros en la siguiente direcci\u00f3n <a>contact@lesrecettesdetamita.fr<\/a>.<\/p><h2>8. 8. Uso de cookies<\/h2><p>Nuestro sitio utiliza cookies para mejorar su experiencia de navegaci\u00f3n. Puede configurar su navegador para rechazar las cookies o para que le informe cuando se instalen. Sin embargo, es posible que algunas caracter\u00edsticas del sitio dejen de funcionar correctamente.<\/p><h2>9. Cambios en la pol\u00edtica de privacidad<\/h2><p>Nos reservamos el derecho a modificar esta pol\u00edtica de privacidad en cualquier momento. Los cambios se publicar\u00e1n en esta p\u00e1gina y entrar\u00e1n en vigor inmediatamente.<\/p><h2>10. Contacto<\/h2><p>Si tiene alguna pregunta o solicitud sobre la gesti\u00f3n de sus datos personales, puede ponerse en contacto con nosotros por correo electr\u00f3nico en la direcci\u00f3n <a>contact@lesrecettesdetamita.fr<\/a>.<\/p>\t\t\t\t\t\t\t\t<\/div>\n\t\t\t\t<\/div>\n\t\t\t\t\t<\/div>\n\t\t\t\t<\/div>\n\t\t\t\t<\/div>","protected":false},"excerpt":{"rendered":"<p>Les Recettes de Tamita, en tant que propri\u00e9taire du site internet https:\/\/lesrecettesdetamita.fr, s\u2019engage \u00e0 prot\u00e9ger la vie priv\u00e9e de ses utilisateurs et \u00e0 garantir la confidentialit\u00e9 des informations personnelles collect\u00e9es via ce site. 1. Responsable du traitement des donn\u00e9es personnelles Le responsable du traitement des donn\u00e9es personnelles collect\u00e9es sur ce site est : Les Recettes [&hellip;]<\/p>\n","protected":false},"author":1,"featured_media":0,"parent":0,"menu_order":0,"comment_status":"closed","ping_status":"closed","template":"elementor_header_footer","meta":{"wprm-recipe-roundup-name":"","wprm-recipe-roundup-description":"","footnotes":""},"class_list":["post-185","page","type-page","status-publish","hentry"],"yoast_head":"<!-- This site is optimized with the Yoast SEO plugin v27.6 - https:\/\/yoast.com\/product\/yoast-seo-wordpress\/ -->\n<title>Politique de confidentialit\u00e9 - Les recettes de Tamita<\/title>\n<meta name=\"robots\" content=\"index, follow, max-snippet:-1, max-image-preview:large, max-video-preview:-1\" \/>\n<link rel=\"canonical\" href=\"https:\/\/lesrecettesdetamita.fr\/es\/politica-de-privacidad\/\" \/>\n<meta property=\"og:locale\" content=\"es_ES\" \/>\n<meta property=\"og:type\" content=\"article\" \/>\n<meta property=\"og:title\" content=\"Politique de confidentialit\u00e9 - Les recettes de Tamita\" \/>\n<meta property=\"og:description\" content=\"Les Recettes de Tamita, en tant que propri\u00e9taire du site internet https:\/\/lesrecettesdetamita.fr, s\u2019engage \u00e0 prot\u00e9ger la vie priv\u00e9e de ses utilisateurs et \u00e0 garantir la confidentialit\u00e9 des informations personnelles collect\u00e9es via ce site. 1. Responsable du traitement des donn\u00e9es personnelles Le responsable du traitement des donn\u00e9es personnelles collect\u00e9es sur ce site est : Les Recettes [&hellip;]\" \/>\n<meta property=\"og:url\" content=\"https:\/\/lesrecettesdetamita.fr\/es\/politica-de-privacidad\/\" \/>\n<meta property=\"og:site_name\" content=\"Les recettes de Tamita\" \/>\n<meta property=\"article:modified_time\" content=\"2024-12-20T14:16:00+00:00\" \/>\n<meta name=\"twitter:card\" content=\"summary_large_image\" \/>\n<meta name=\"twitter:label1\" content=\"Tiempo de lectura\" \/>\n\t<meta name=\"twitter:data1\" content=\"2 minutos\" \/>\n<script type=\"application\/ld+json\" class=\"yoast-schema-graph\">{\"@context\":\"https:\\\/\\\/schema.org\",\"@graph\":[{\"@type\":\"WebPage\",\"@id\":\"https:\\\/\\\/lesrecettesdetamita.fr\\\/politique-de-confidentialite\\\/\",\"url\":\"https:\\\/\\\/lesrecettesdetamita.fr\\\/politique-de-confidentialite\\\/\",\"name\":\"Politique de confidentialit\u00e9 - Les recettes de Tamita\",\"isPartOf\":{\"@id\":\"https:\\\/\\\/lesrecettesdetamita.fr\\\/#website\"},\"datePublished\":\"2024-12-20T13:52:00+00:00\",\"dateModified\":\"2024-12-20T14:16:00+00:00\",\"breadcrumb\":{\"@id\":\"https:\\\/\\\/lesrecettesdetamita.fr\\\/politique-de-confidentialite\\\/#breadcrumb\"},\"inLanguage\":\"es\",\"potentialAction\":[{\"@type\":\"ReadAction\",\"target\":[\"https:\\\/\\\/lesrecettesdetamita.fr\\\/politique-de-confidentialite\\\/\"]}]},{\"@type\":\"BreadcrumbList\",\"@id\":\"https:\\\/\\\/lesrecettesdetamita.fr\\\/politique-de-confidentialite\\\/#breadcrumb\",\"itemListElement\":[{\"@type\":\"ListItem\",\"position\":1,\"name\":\"Accueil\",\"item\":\"https:\\\/\\\/lesrecettesdetamita.fr\\\/\"},{\"@type\":\"ListItem\",\"position\":2,\"name\":\"Politique de confidentialit\u00e9\"}]},{\"@type\":\"WebSite\",\"@id\":\"https:\\\/\\\/lesrecettesdetamita.fr\\\/#website\",\"url\":\"https:\\\/\\\/lesrecettesdetamita.fr\\\/\",\"name\":\"Les recettes de Tamita\",\"description\":\"\",\"publisher\":{\"@id\":\"https:\\\/\\\/lesrecettesdetamita.fr\\\/#organization\"},\"potentialAction\":[{\"@type\":\"SearchAction\",\"target\":{\"@type\":\"EntryPoint\",\"urlTemplate\":\"https:\\\/\\\/lesrecettesdetamita.fr\\\/?s={search_term_string}\"},\"query-input\":{\"@type\":\"PropertyValueSpecification\",\"valueRequired\":true,\"valueName\":\"search_term_string\"}}],\"inLanguage\":\"es\"},{\"@type\":\"Organization\",\"@id\":\"https:\\\/\\\/lesrecettesdetamita.fr\\\/#organization\",\"name\":\"Les recettes de Tamita\",\"url\":\"https:\\\/\\\/lesrecettesdetamita.fr\\\/\",\"logo\":{\"@type\":\"ImageObject\",\"inLanguage\":\"es\",\"@id\":\"https:\\\/\\\/lesrecettesdetamita.fr\\\/#\\\/schema\\\/logo\\\/image\\\/\",\"url\":\"https:\\\/\\\/lesrecettesdetamita.fr\\\/wp-content\\\/uploads\\\/2024\\\/12\\\/cropped-cropped-LES-RECETTES-DE-TAMITA-2.png\",\"contentUrl\":\"https:\\\/\\\/lesrecettesdetamita.fr\\\/wp-content\\\/uploads\\\/2024\\\/12\\\/cropped-cropped-LES-RECETTES-DE-TAMITA-2.png\",\"width\":512,\"height\":512,\"caption\":\"Les recettes de Tamita\"},\"image\":{\"@id\":\"https:\\\/\\\/lesrecettesdetamita.fr\\\/#\\\/schema\\\/logo\\\/image\\\/\"}}]}<\/script>\n<!-- \/ Yoast SEO plugin. -->","yoast_head_json":{"title":"Pol\u00edtica de privacidad - Las recetas de Tamita","robots":{"index":"index","follow":"follow","max-snippet":"max-snippet:-1","max-image-preview":"max-image-preview:large","max-video-preview":"max-video-preview:-1"},"canonical":"https:\/\/lesrecettesdetamita.fr\/es\/politica-de-privacidad\/","og_locale":"es_ES","og_type":"article","og_title":"Politique de confidentialit\u00e9 - Les recettes de Tamita","og_description":"Les Recettes de Tamita, en tant que propri\u00e9taire du site internet https:\/\/lesrecettesdetamita.fr, s\u2019engage \u00e0 prot\u00e9ger la vie priv\u00e9e de ses utilisateurs et \u00e0 garantir la confidentialit\u00e9 des informations personnelles collect\u00e9es via ce site. 1. Responsable du traitement des donn\u00e9es personnelles Le responsable du traitement des donn\u00e9es personnelles collect\u00e9es sur ce site est : Les Recettes [&hellip;]","og_url":"https:\/\/lesrecettesdetamita.fr\/es\/politica-de-privacidad\/","og_site_name":"Les recettes de Tamita","article_modified_time":"2024-12-20T14:16:00+00:00","twitter_card":"summary_large_image","twitter_misc":{"Tiempo de lectura":"2 minutos"},"schema":{"@context":"https:\/\/schema.org","@graph":[{"@type":"WebPage","@id":"https:\/\/lesrecettesdetamita.fr\/politique-de-confidentialite\/","url":"https:\/\/lesrecettesdetamita.fr\/politique-de-confidentialite\/","name":"Pol\u00edtica de privacidad - Las recetas de Tamita","isPartOf":{"@id":"https:\/\/lesrecettesdetamita.fr\/#website"},"datePublished":"2024-12-20T13:52:00+00:00","dateModified":"2024-12-20T14:16:00+00:00","breadcrumb":{"@id":"https:\/\/lesrecettesdetamita.fr\/politique-de-confidentialite\/#breadcrumb"},"inLanguage":"es","potentialAction":[{"@type":"ReadAction","target":["https:\/\/lesrecettesdetamita.fr\/politique-de-confidentialite\/"]}]},{"@type":"BreadcrumbList","@id":"https:\/\/lesrecettesdetamita.fr\/politique-de-confidentialite\/#breadcrumb","itemListElement":[{"@type":"ListItem","position":1,"name":"Accueil","item":"https:\/\/lesrecettesdetamita.fr\/"},{"@type":"ListItem","position":2,"name":"Politique de confidentialit\u00e9"}]},{"@type":"WebSite","@id":"https:\/\/lesrecettesdetamita.fr\/#website","url":"https:\/\/lesrecettesdetamita.fr\/","name":"Recetas Tamita","description":"","publisher":{"@id":"https:\/\/lesrecettesdetamita.fr\/#organization"},"potentialAction":[{"@type":"SearchAction","target":{"@type":"EntryPoint","urlTemplate":"https:\/\/lesrecettesdetamita.fr\/?s={search_term_string}"},"query-input":{"@type":"PropertyValueSpecification","valueRequired":true,"valueName":"search_term_string"}}],"inLanguage":"es"},{"@type":"Organization","@id":"https:\/\/lesrecettesdetamita.fr\/#organization","name":"Recetas Tamita","url":"https:\/\/lesrecettesdetamita.fr\/","logo":{"@type":"ImageObject","inLanguage":"es","@id":"https:\/\/lesrecettesdetamita.fr\/#\/schema\/logo\/image\/","url":"https:\/\/lesrecettesdetamita.fr\/wp-content\/uploads\/2024\/12\/cropped-cropped-LES-RECETTES-DE-TAMITA-2.png","contentUrl":"https:\/\/lesrecettesdetamita.fr\/wp-content\/uploads\/2024\/12\/cropped-cropped-LES-RECETTES-DE-TAMITA-2.png","width":512,"height":512,"caption":"Les recettes de Tamita"},"image":{"@id":"https:\/\/lesrecettesdetamita.fr\/#\/schema\/logo\/image\/"}}]}},"_links":{"self":[{"href":"https:\/\/lesrecettesdetamita.fr\/es\/wp-json\/wp\/v2\/pages\/185","targetHints":{"allow":["GET"]}}],"collection":[{"href":"https:\/\/lesrecettesdetamita.fr\/es\/wp-json\/wp\/v2\/pages"}],"about":[{"href":"https:\/\/lesrecettesdetamita.fr\/es\/wp-json\/wp\/v2\/types\/page"}],"author":[{"embeddable":true,"href":"https:\/\/lesrecettesdetamita.fr\/es\/wp-json\/wp\/v2\/users\/1"}],"replies":[{"embeddable":true,"href":"https:\/\/lesrecettesdetamita.fr\/es\/wp-json\/wp\/v2\/comments?post=185"}],"version-history":[{"count":10,"href":"https:\/\/lesrecettesdetamita.fr\/es\/wp-json\/wp\/v2\/pages\/185\/revisions"}],"predecessor-version":[{"id":233,"href":"https:\/\/lesrecettesdetamita.fr\/es\/wp-json\/wp\/v2\/pages\/185\/revisions\/233"}],"wp:attachment":[{"href":"https:\/\/lesrecettesdetamita.fr\/es\/wp-json\/wp\/v2\/media?parent=185"}],"curies":[{"name":"wp","href":"https:\/\/api.w.org\/{rel}","templated":true}]}}