{"id":185,"date":"2024-12-20T14:52:00","date_gmt":"2024-12-20T13:52:00","guid":{"rendered":"https:\/\/lesrecettesdetamita.fr\/?page_id=185"},"modified":"2024-12-20T15:16:00","modified_gmt":"2024-12-20T14:16:00","slug":"privacy-policy","status":"publish","type":"page","link":"https:\/\/lesrecettesdetamita.fr\/en\/politique-de-confidentialite\/","title":{"rendered":"Privacy policy"},"content":{"rendered":"<div data-elementor-type=\"wp-page\" data-elementor-id=\"185\" class=\"elementor elementor-185\" data-elementor-post-type=\"page\">\n\t\t\t\t<div class=\"elementor-element elementor-element-a93775e e-flex e-con-boxed e-con e-parent\" data-id=\"a93775e\" data-element_type=\"container\" data-e-type=\"container\" data-settings=\"{&quot;jet_parallax_layout_list&quot;:[]}\">\n\t\t\t\t\t<div class=\"e-con-inner\">\n\t\t\t\t<div class=\"elementor-element elementor-element-8e1a0ac elementor-widget elementor-widget-heading\" data-id=\"8e1a0ac\" data-element_type=\"widget\" data-e-type=\"widget\" data-widget_type=\"heading.default\">\n\t\t\t\t<div class=\"elementor-widget-container\">\n\t\t\t\t\t<h1 class=\"elementor-heading-title elementor-size-default\">Privacy policy<\/h1>\t\t\t\t<\/div>\n\t\t\t\t<\/div>\n\t\t\t\t<div class=\"elementor-element elementor-element-94ec036 titre-custom elementor-widget elementor-widget-text-editor\" data-id=\"94ec036\" data-element_type=\"widget\" data-e-type=\"widget\" data-widget_type=\"text-editor.default\">\n\t\t\t\t<div class=\"elementor-widget-container\">\n\t\t\t\t\t\t\t\t\t<p data-pm-slice=\"1 1 []\">Les Recettes de Tamita, as owner of the website <a>https:\/\/lesrecettesdetamita.fr<\/a>is committed to protecting the privacy of its users and guaranteeing the confidentiality of any personal information collected via this site.<\/p><h2>1. Person responsible for processing personal data<\/h2><p>The person responsible for processing the personal data collected on this site is: Les Recettes de Tamita Email : <a>contact@lesrecettesdetamita.fr<\/a><\/p><h2>2. Nature of the data collected<\/h2><p>We collect the following information when you browse our site:<\/p><ul data-spread=\"false\"><li><p>Last name, first name<\/p><\/li><li><p>Email address<\/p><\/li><li><p>Phone number<\/p><\/li><li><p>Postal address (if necessary)<\/p><\/li><\/ul><p>This data is only collected when you fill in a contact form or send an email.<\/p><h2>3. Purposes of data processing The personal data collected is used for :<\/h2><ul data-spread=\"false\"><li><p>Respond to requests and questions sent via the contact form.<\/p><\/li><li><p>To improve our services and communications.<\/p><\/li><li><p>To provide the information or services requested by the user.<\/p><\/li><\/ul><h2>4. Data retention<\/h2><p>Your data will be kept for a maximum of 3 years from the last time you contacted us, unless a longer period is required to comply with legal or regulatory obligations.<\/p><h2>5. Data sharing<\/h2><p>We undertake not to sell, rent or exchange your personal data with third parties without your consent, except where necessary to comply with a legal obligation.<\/p><h2>6. Data security<\/h2><p>We take appropriate measures to protect your data against unauthorised access, loss, destruction or disclosure.<\/p><h2>7. Your rights<\/h2><p>In accordance with current legislation, you have the following rights with regard to your personal data:<\/p><ul data-spread=\"false\"><li><p>Right of access<\/p><\/li><li><p>Right of rectification<\/p><\/li><li><p>Right to erasure<\/p><\/li><li><p>Right to restrict processing<\/p><\/li><li><p>Right to data portability<\/p><\/li><li><p>Right to object to processing<\/p><\/li><\/ul><p>You can exercise these rights by contacting us at the following address <a>contact@lesrecettesdetamita.fr<\/a>.<\/p><h2>8. Use of cookies<\/h2><p>Our site uses cookies to improve your browsing experience. You can configure your browser to refuse cookies or to inform you when they are installed. However, some features of the site may no longer function correctly.<\/p><h2>9. Changes to the privacy policy<\/h2><p>We reserve the right to modify this privacy policy at any time. Changes will be posted on this page and will take effect immediately.<\/p><h2>10. Contact<\/h2><p>If you have any questions or requests concerning the management of your personal data, you can contact us by email at <a>contact@lesrecettesdetamita.fr<\/a>.<\/p>\t\t\t\t\t\t\t\t<\/div>\n\t\t\t\t<\/div>\n\t\t\t\t\t<\/div>\n\t\t\t\t<\/div>\n\t\t\t\t<\/div>","protected":false},"excerpt":{"rendered":"<p>Les Recettes de Tamita, en tant que propri\u00e9taire du site internet https:\/\/lesrecettesdetamita.fr, s\u2019engage \u00e0 prot\u00e9ger la vie priv\u00e9e de ses utilisateurs et \u00e0 garantir la confidentialit\u00e9 des informations personnelles collect\u00e9es via ce site. 1. Responsable du traitement des donn\u00e9es personnelles Le responsable du traitement des donn\u00e9es personnelles collect\u00e9es sur ce site est : Les Recettes [&hellip;]<\/p>\n","protected":false},"author":1,"featured_media":0,"parent":0,"menu_order":0,"comment_status":"closed","ping_status":"closed","template":"elementor_header_footer","meta":{"wprm-recipe-roundup-name":"","wprm-recipe-roundup-description":"","footnotes":""},"class_list":["post-185","page","type-page","status-publish","hentry"],"yoast_head":"<!-- This site is optimized with the Yoast SEO plugin v27.6 - https:\/\/yoast.com\/product\/yoast-seo-wordpress\/ -->\n<title>Politique de confidentialit\u00e9 - Les recettes de Tamita<\/title>\n<meta name=\"robots\" content=\"index, follow, max-snippet:-1, max-image-preview:large, max-video-preview:-1\" \/>\n<link rel=\"canonical\" href=\"https:\/\/lesrecettesdetamita.fr\/en\/privacy-policy\/\" \/>\n<meta property=\"og:locale\" content=\"en_GB\" \/>\n<meta property=\"og:type\" content=\"article\" \/>\n<meta property=\"og:title\" content=\"Politique de confidentialit\u00e9 - Les recettes de Tamita\" \/>\n<meta property=\"og:description\" content=\"Les Recettes de Tamita, en tant que propri\u00e9taire du site internet https:\/\/lesrecettesdetamita.fr, s\u2019engage \u00e0 prot\u00e9ger la vie priv\u00e9e de ses utilisateurs et \u00e0 garantir la confidentialit\u00e9 des informations personnelles collect\u00e9es via ce site. 1. Responsable du traitement des donn\u00e9es personnelles Le responsable du traitement des donn\u00e9es personnelles collect\u00e9es sur ce site est : Les Recettes [&hellip;]\" \/>\n<meta property=\"og:url\" content=\"https:\/\/lesrecettesdetamita.fr\/en\/privacy-policy\/\" \/>\n<meta property=\"og:site_name\" content=\"Les recettes de Tamita\" \/>\n<meta property=\"article:modified_time\" content=\"2024-12-20T14:16:00+00:00\" \/>\n<meta name=\"twitter:card\" content=\"summary_large_image\" \/>\n<meta name=\"twitter:label1\" content=\"Estimated reading time\" \/>\n\t<meta name=\"twitter:data1\" content=\"2 minutes\" \/>\n<script type=\"application\/ld+json\" class=\"yoast-schema-graph\">{\"@context\":\"https:\\\/\\\/schema.org\",\"@graph\":[{\"@type\":\"WebPage\",\"@id\":\"https:\\\/\\\/lesrecettesdetamita.fr\\\/politique-de-confidentialite\\\/\",\"url\":\"https:\\\/\\\/lesrecettesdetamita.fr\\\/politique-de-confidentialite\\\/\",\"name\":\"Politique de confidentialit\u00e9 - Les recettes de Tamita\",\"isPartOf\":{\"@id\":\"https:\\\/\\\/lesrecettesdetamita.fr\\\/#website\"},\"datePublished\":\"2024-12-20T13:52:00+00:00\",\"dateModified\":\"2024-12-20T14:16:00+00:00\",\"breadcrumb\":{\"@id\":\"https:\\\/\\\/lesrecettesdetamita.fr\\\/politique-de-confidentialite\\\/#breadcrumb\"},\"inLanguage\":\"en-GB\",\"potentialAction\":[{\"@type\":\"ReadAction\",\"target\":[\"https:\\\/\\\/lesrecettesdetamita.fr\\\/politique-de-confidentialite\\\/\"]}]},{\"@type\":\"BreadcrumbList\",\"@id\":\"https:\\\/\\\/lesrecettesdetamita.fr\\\/politique-de-confidentialite\\\/#breadcrumb\",\"itemListElement\":[{\"@type\":\"ListItem\",\"position\":1,\"name\":\"Accueil\",\"item\":\"https:\\\/\\\/lesrecettesdetamita.fr\\\/\"},{\"@type\":\"ListItem\",\"position\":2,\"name\":\"Politique de confidentialit\u00e9\"}]},{\"@type\":\"WebSite\",\"@id\":\"https:\\\/\\\/lesrecettesdetamita.fr\\\/#website\",\"url\":\"https:\\\/\\\/lesrecettesdetamita.fr\\\/\",\"name\":\"Les recettes de Tamita\",\"description\":\"\",\"publisher\":{\"@id\":\"https:\\\/\\\/lesrecettesdetamita.fr\\\/#organization\"},\"potentialAction\":[{\"@type\":\"SearchAction\",\"target\":{\"@type\":\"EntryPoint\",\"urlTemplate\":\"https:\\\/\\\/lesrecettesdetamita.fr\\\/?s={search_term_string}\"},\"query-input\":{\"@type\":\"PropertyValueSpecification\",\"valueRequired\":true,\"valueName\":\"search_term_string\"}}],\"inLanguage\":\"en-GB\"},{\"@type\":\"Organization\",\"@id\":\"https:\\\/\\\/lesrecettesdetamita.fr\\\/#organization\",\"name\":\"Les recettes de Tamita\",\"url\":\"https:\\\/\\\/lesrecettesdetamita.fr\\\/\",\"logo\":{\"@type\":\"ImageObject\",\"inLanguage\":\"en-GB\",\"@id\":\"https:\\\/\\\/lesrecettesdetamita.fr\\\/#\\\/schema\\\/logo\\\/image\\\/\",\"url\":\"https:\\\/\\\/lesrecettesdetamita.fr\\\/wp-content\\\/uploads\\\/2024\\\/12\\\/cropped-cropped-LES-RECETTES-DE-TAMITA-2.png\",\"contentUrl\":\"https:\\\/\\\/lesrecettesdetamita.fr\\\/wp-content\\\/uploads\\\/2024\\\/12\\\/cropped-cropped-LES-RECETTES-DE-TAMITA-2.png\",\"width\":512,\"height\":512,\"caption\":\"Les recettes de Tamita\"},\"image\":{\"@id\":\"https:\\\/\\\/lesrecettesdetamita.fr\\\/#\\\/schema\\\/logo\\\/image\\\/\"}}]}<\/script>\n<!-- \/ Yoast SEO plugin. -->","yoast_head_json":{"title":"Privacy policy - Tamita's recipes","robots":{"index":"index","follow":"follow","max-snippet":"max-snippet:-1","max-image-preview":"max-image-preview:large","max-video-preview":"max-video-preview:-1"},"canonical":"https:\/\/lesrecettesdetamita.fr\/en\/privacy-policy\/","og_locale":"en_GB","og_type":"article","og_title":"Politique de confidentialit\u00e9 - Les recettes de Tamita","og_description":"Les Recettes de Tamita, en tant que propri\u00e9taire du site internet https:\/\/lesrecettesdetamita.fr, s\u2019engage \u00e0 prot\u00e9ger la vie priv\u00e9e de ses utilisateurs et \u00e0 garantir la confidentialit\u00e9 des informations personnelles collect\u00e9es via ce site. 1. Responsable du traitement des donn\u00e9es personnelles Le responsable du traitement des donn\u00e9es personnelles collect\u00e9es sur ce site est : Les Recettes [&hellip;]","og_url":"https:\/\/lesrecettesdetamita.fr\/en\/privacy-policy\/","og_site_name":"Les recettes de Tamita","article_modified_time":"2024-12-20T14:16:00+00:00","twitter_card":"summary_large_image","twitter_misc":{"Estimated reading time":"2 minutes"},"schema":{"@context":"https:\/\/schema.org","@graph":[{"@type":"WebPage","@id":"https:\/\/lesrecettesdetamita.fr\/politique-de-confidentialite\/","url":"https:\/\/lesrecettesdetamita.fr\/politique-de-confidentialite\/","name":"Privacy policy - Tamita's recipes","isPartOf":{"@id":"https:\/\/lesrecettesdetamita.fr\/#website"},"datePublished":"2024-12-20T13:52:00+00:00","dateModified":"2024-12-20T14:16:00+00:00","breadcrumb":{"@id":"https:\/\/lesrecettesdetamita.fr\/politique-de-confidentialite\/#breadcrumb"},"inLanguage":"en-GB","potentialAction":[{"@type":"ReadAction","target":["https:\/\/lesrecettesdetamita.fr\/politique-de-confidentialite\/"]}]},{"@type":"BreadcrumbList","@id":"https:\/\/lesrecettesdetamita.fr\/politique-de-confidentialite\/#breadcrumb","itemListElement":[{"@type":"ListItem","position":1,"name":"Accueil","item":"https:\/\/lesrecettesdetamita.fr\/"},{"@type":"ListItem","position":2,"name":"Politique de confidentialit\u00e9"}]},{"@type":"WebSite","@id":"https:\/\/lesrecettesdetamita.fr\/#website","url":"https:\/\/lesrecettesdetamita.fr\/","name":"Tamita recipes","description":"","publisher":{"@id":"https:\/\/lesrecettesdetamita.fr\/#organization"},"potentialAction":[{"@type":"SearchAction","target":{"@type":"EntryPoint","urlTemplate":"https:\/\/lesrecettesdetamita.fr\/?s={search_term_string}"},"query-input":{"@type":"PropertyValueSpecification","valueRequired":true,"valueName":"search_term_string"}}],"inLanguage":"en-GB"},{"@type":"Organization","@id":"https:\/\/lesrecettesdetamita.fr\/#organization","name":"Tamita recipes","url":"https:\/\/lesrecettesdetamita.fr\/","logo":{"@type":"ImageObject","inLanguage":"en-GB","@id":"https:\/\/lesrecettesdetamita.fr\/#\/schema\/logo\/image\/","url":"https:\/\/lesrecettesdetamita.fr\/wp-content\/uploads\/2024\/12\/cropped-cropped-LES-RECETTES-DE-TAMITA-2.png","contentUrl":"https:\/\/lesrecettesdetamita.fr\/wp-content\/uploads\/2024\/12\/cropped-cropped-LES-RECETTES-DE-TAMITA-2.png","width":512,"height":512,"caption":"Les recettes de Tamita"},"image":{"@id":"https:\/\/lesrecettesdetamita.fr\/#\/schema\/logo\/image\/"}}]}},"_links":{"self":[{"href":"https:\/\/lesrecettesdetamita.fr\/en\/wp-json\/wp\/v2\/pages\/185","targetHints":{"allow":["GET"]}}],"collection":[{"href":"https:\/\/lesrecettesdetamita.fr\/en\/wp-json\/wp\/v2\/pages"}],"about":[{"href":"https:\/\/lesrecettesdetamita.fr\/en\/wp-json\/wp\/v2\/types\/page"}],"author":[{"embeddable":true,"href":"https:\/\/lesrecettesdetamita.fr\/en\/wp-json\/wp\/v2\/users\/1"}],"replies":[{"embeddable":true,"href":"https:\/\/lesrecettesdetamita.fr\/en\/wp-json\/wp\/v2\/comments?post=185"}],"version-history":[{"count":10,"href":"https:\/\/lesrecettesdetamita.fr\/en\/wp-json\/wp\/v2\/pages\/185\/revisions"}],"predecessor-version":[{"id":233,"href":"https:\/\/lesrecettesdetamita.fr\/en\/wp-json\/wp\/v2\/pages\/185\/revisions\/233"}],"wp:attachment":[{"href":"https:\/\/lesrecettesdetamita.fr\/en\/wp-json\/wp\/v2\/media?parent=185"}],"curies":[{"name":"wp","href":"https:\/\/api.w.org\/{rel}","templated":true}]}}