{"id":34,"date":"2024-12-19T14:43:57","date_gmt":"2024-12-19T13:43:57","guid":{"rendered":"https:\/\/lesrecettesdetamita.fr\/?page_id=34"},"modified":"2025-01-17T16:10:17","modified_gmt":"2025-01-17T15:10:17","slug":"a-propos","status":"publish","type":"page","link":"https:\/\/lesrecettesdetamita.fr\/de\/a-propos\/","title":{"rendered":"\u00dcber"},"content":{"rendered":"<div data-elementor-type=\"wp-page\" data-elementor-id=\"34\" class=\"elementor elementor-34\" data-elementor-post-type=\"page\">\n\t\t\t\t<div class=\"elementor-element elementor-element-0827c5c e-flex e-con-boxed e-con e-parent\" data-id=\"0827c5c\" data-element_type=\"container\" data-e-type=\"container\" data-settings=\"{&quot;jet_parallax_layout_list&quot;:[]}\">\n\t\t\t\t\t<div class=\"e-con-inner\">\n\t\t<div class=\"elementor-element elementor-element-969238a e-con-full e-flex e-con e-child\" data-id=\"969238a\" data-element_type=\"container\" data-e-type=\"container\" data-settings=\"{&quot;jet_parallax_layout_list&quot;:[]}\">\n\t\t\t\t<div class=\"elementor-element elementor-element-0f94024 elementor-widget elementor-widget-heading\" data-id=\"0f94024\" data-element_type=\"widget\" data-e-type=\"widget\" data-widget_type=\"heading.default\">\n\t\t\t\t<div class=\"elementor-widget-container\">\n\t\t\t\t\t<h1 class=\"elementor-heading-title elementor-size-default\">\u00dcber<\/h1>\t\t\t\t<\/div>\n\t\t\t\t<\/div>\n\t\t\t\t<div class=\"elementor-element elementor-element-63adec4 elementor-widget elementor-widget-text-editor\" data-id=\"63adec4\" data-element_type=\"widget\" data-e-type=\"widget\" data-widget_type=\"text-editor.default\">\n\t\t\t\t<div class=\"elementor-widget-container\">\n\t\t\t\t\t\t\t\t\t<p data-pm-slice=\"1 1 []\">Willkommen in der Welt von Tamitas Rezepten, einer kulinarischen Reise voller Aromen und Geschichten.<\/p><p>Tamita wuchs in Italien auf, wo ihre Liebe zum Kochen schon in ihrer Kindheit begann. Im Alter von sieben Jahren buk sie ihre erste Pizza - ein denkw\u00fcrdiger Fehlschlag, verbrannt und steinhart, aber der Beginn eines gro\u00dfen kulinarischen Abenteuers.<\/p>\t\t\t\t\t\t\t\t<\/div>\n\t\t\t\t<\/div>\n\t\t\t\t<\/div>\n\t\t<div class=\"elementor-element elementor-element-1b15a60 e-con-full e-flex e-con e-child\" data-id=\"1b15a60\" data-element_type=\"container\" data-e-type=\"container\" data-settings=\"{&quot;jet_parallax_layout_list&quot;:[]}\">\n\t\t\t\t<div class=\"elementor-element elementor-element-277cf9e elementor-widget elementor-widget-image\" data-id=\"277cf9e\" data-element_type=\"widget\" data-e-type=\"widget\" data-widget_type=\"image.default\">\n\t\t\t\t<div class=\"elementor-widget-container\">\n\t\t\t\t\t\t\t\t\t\t\t\t\t\t\t<img fetchpriority=\"high\" decoding=\"async\" width=\"800\" height=\"795\" src=\"https:\/\/lesrecettesdetamita.fr\/wp-content\/uploads\/2025\/01\/54119-1024x1018.jpg\" class=\"attachment-large size-large wp-image-434\" alt=\"\" srcset=\"https:\/\/lesrecettesdetamita.fr\/wp-content\/uploads\/2025\/01\/54119-1024x1018.jpg 1024w, https:\/\/lesrecettesdetamita.fr\/wp-content\/uploads\/2025\/01\/54119-300x298.jpg 300w, https:\/\/lesrecettesdetamita.fr\/wp-content\/uploads\/2025\/01\/54119-150x150.jpg 150w, https:\/\/lesrecettesdetamita.fr\/wp-content\/uploads\/2025\/01\/54119-768x763.jpg 768w, https:\/\/lesrecettesdetamita.fr\/wp-content\/uploads\/2025\/01\/54119-12x12.jpg 12w, https:\/\/lesrecettesdetamita.fr\/wp-content\/uploads\/2025\/01\/54119.jpg 1170w\" sizes=\"(max-width: 800px) 100vw, 800px\" \/>\t\t\t\t\t\t\t\t\t\t\t\t\t\t\t<\/div>\n\t\t\t\t<\/div>\n\t\t\t\t<\/div>\n\t\t\t\t\t<\/div>\n\t\t\t\t<\/div>\n\t\t<div class=\"elementor-element elementor-element-ec2abfe e-flex e-con-boxed e-con e-parent\" data-id=\"ec2abfe\" data-element_type=\"container\" data-e-type=\"container\" data-settings=\"{&quot;background_background&quot;:&quot;classic&quot;,&quot;jet_parallax_layout_list&quot;:[]}\">\n\t\t\t\t\t<div class=\"e-con-inner\">\n\t\t<div class=\"elementor-element elementor-element-c795e96 e-con-full e-flex e-con e-child\" data-id=\"c795e96\" data-element_type=\"container\" data-e-type=\"container\" data-settings=\"{&quot;jet_parallax_layout_list&quot;:[]}\">\n\t\t\t\t<div class=\"elementor-element elementor-element-30509c3 elementor-widget elementor-widget-image\" data-id=\"30509c3\" data-element_type=\"widget\" data-e-type=\"widget\" data-widget_type=\"image.default\">\n\t\t\t\t<div class=\"elementor-widget-container\">\n\t\t\t\t\t\t\t\t\t\t\t\t\t\t\t<img decoding=\"async\" width=\"800\" height=\"794\" src=\"https:\/\/lesrecettesdetamita.fr\/wp-content\/uploads\/2025\/01\/45371-1024x1016.jpg\" class=\"attachment-large size-large wp-image-432\" alt=\"Erdbeertorte\" srcset=\"https:\/\/lesrecettesdetamita.fr\/wp-content\/uploads\/2025\/01\/45371-1024x1016.jpg 1024w, https:\/\/lesrecettesdetamita.fr\/wp-content\/uploads\/2025\/01\/45371-300x298.jpg 300w, https:\/\/lesrecettesdetamita.fr\/wp-content\/uploads\/2025\/01\/45371-150x150.jpg 150w, https:\/\/lesrecettesdetamita.fr\/wp-content\/uploads\/2025\/01\/45371-768x762.jpg 768w, https:\/\/lesrecettesdetamita.fr\/wp-content\/uploads\/2025\/01\/45371-12x12.jpg 12w, https:\/\/lesrecettesdetamita.fr\/wp-content\/uploads\/2025\/01\/45371.jpg 1170w\" sizes=\"(max-width: 800px) 100vw, 800px\" \/>\t\t\t\t\t\t\t\t\t\t\t\t\t\t\t<\/div>\n\t\t\t\t<\/div>\n\t\t\t\t<\/div>\n\t\t<div class=\"elementor-element elementor-element-82e378e e-con-full e-flex e-con e-child\" data-id=\"82e378e\" data-element_type=\"container\" data-e-type=\"container\" data-settings=\"{&quot;jet_parallax_layout_list&quot;:[]}\">\n\t\t\t\t<div class=\"elementor-element elementor-element-f67c928 elementor-widget elementor-widget-heading\" data-id=\"f67c928\" data-element_type=\"widget\" data-e-type=\"widget\" data-widget_type=\"heading.default\">\n\t\t\t\t<div class=\"elementor-widget-container\">\n\t\t\t\t\t<h2 class=\"elementor-heading-title elementor-size-default\">Au\u00dfergew\u00f6hnliche Desserts: von Kalifornien bis Italien<\/h2>\t\t\t\t<\/div>\n\t\t\t\t<\/div>\n\t\t\t\t<div class=\"elementor-element elementor-element-df191f5 elementor-widget elementor-widget-text-editor\" data-id=\"df191f5\" data-element_type=\"widget\" data-e-type=\"widget\" data-widget_type=\"text-editor.default\">\n\t\t\t\t<div class=\"elementor-widget-container\">\n\t\t\t\t\t\t\t\t\t<p data-pm-slice=\"1 1 []\">Sp\u00e4ter f\u00fchrten ihre Reisen sie dazu, ihr Talent in der K\u00fcche zu entdecken und zu perfektionieren. Ein Jahr lang arbeitete sie als Patissi\u00e8re im renommierten Restaurant \"Ma Maison\" in Los Angeles, wo sie unter anderem lernte, wie man eine exquisite Erdbeertorte zubereitet, die Pr\u00e4zision und Kreativit\u00e4t vereint.<\/p><p>Auch in Italien hat Tamita die Kunst des authentischen handwerklichen Speiseeises - eine kulinarische Tradition, die von Generation zu Generation weitergegeben wird - perfektioniert, um sowohl klassische als auch innovative Geschmacksrichtungen zu kreieren.<\/p><p>Als sie drei Jahre lang in Indien lebte, hatte sie die Gelegenheit, die Geheimnisse authentischer Currys direkt von einheimischen Familien zu erfahren. Jedes Rezept war eine Erz\u00e4hlung \u00fcber Geschichte, Kultur und komplexe Geschmacksrichtungen.<\/p>\t\t\t\t\t\t\t\t<\/div>\n\t\t\t\t<\/div>\n\t\t\t\t<\/div>\n\t\t\t\t\t<\/div>\n\t\t\t\t<\/div>\n\t\t<div class=\"elementor-element elementor-element-bfa8345 e-flex e-con-boxed e-con e-parent\" data-id=\"bfa8345\" data-element_type=\"container\" data-e-type=\"container\" data-settings=\"{&quot;jet_parallax_layout_list&quot;:[]}\">\n\t\t\t\t\t<div class=\"e-con-inner\">\n\t\t<div class=\"elementor-element elementor-element-ce5adf8 e-con-full e-flex e-con e-child\" data-id=\"ce5adf8\" data-element_type=\"container\" data-e-type=\"container\" data-settings=\"{&quot;jet_parallax_layout_list&quot;:[]}\">\n\t\t\t\t<div class=\"elementor-element elementor-element-133024c elementor-widget elementor-widget-heading\" data-id=\"133024c\" data-element_type=\"widget\" data-e-type=\"widget\" data-widget_type=\"heading.default\">\n\t\t\t\t<div class=\"elementor-widget-container\">\n\t\t\t\t\t<h2 class=\"elementor-heading-title elementor-size-default\">Eine kulinarische Reise um die Welt<\/h2>\t\t\t\t<\/div>\n\t\t\t\t<\/div>\n\t\t\t\t<div class=\"elementor-element elementor-element-a5b1e8f elementor-widget elementor-widget-text-editor\" data-id=\"a5b1e8f\" data-element_type=\"widget\" data-e-type=\"widget\" data-widget_type=\"text-editor.default\">\n\t\t\t\t<div class=\"elementor-widget-container\">\n\t\t\t\t\t\t\t\t\t<p data-pm-slice=\"1 1 []\">Umgeben von Freunden aller Nationalit\u00e4ten im Laufe ihres Lebens, hat Tamita eine Vielzahl von Gerichten ausprobiert. Diese Website ist das Ergebnis ihrer kulinarischen Erkundungen auf der ganzen Welt: die besten Rezepte eines ganzen Lebens, liebevoll f\u00fcr Sie nachgekocht.<\/p><p>Ob Sie auf der Suche nach authentischen Rezepten, \u00fcberraschenden Geschmacksrichtungen oder einfach nur nach Inspiration zum Kochen sind, hier sind Sie richtig. Machen Sie sich bereit f\u00fcr eine unvergessliche Geschmacksreise durch die Kulturen und kulinarischen Traditionen der ganzen Welt.<\/p>\t\t\t\t\t\t\t\t<\/div>\n\t\t\t\t<\/div>\n\t\t\t\t<\/div>\n\t\t<div class=\"elementor-element elementor-element-4d0737f e-con-full e-flex e-con e-child\" data-id=\"4d0737f\" data-element_type=\"container\" data-e-type=\"container\" data-settings=\"{&quot;jet_parallax_layout_list&quot;:[]}\">\n\t\t\t\t<div class=\"elementor-element elementor-element-3673c3b elementor-widget elementor-widget-image\" data-id=\"3673c3b\" data-element_type=\"widget\" data-e-type=\"widget\" data-widget_type=\"image.default\">\n\t\t\t\t<div class=\"elementor-widget-container\">\n\t\t\t\t\t\t\t\t\t\t\t\t\t\t\t<img decoding=\"async\" width=\"800\" height=\"827\" src=\"https:\/\/lesrecettesdetamita.fr\/wp-content\/uploads\/2025\/01\/97783-990x1024.jpg\" class=\"attachment-large size-large wp-image-433\" alt=\"\" srcset=\"https:\/\/lesrecettesdetamita.fr\/wp-content\/uploads\/2025\/01\/97783-990x1024.jpg 990w, https:\/\/lesrecettesdetamita.fr\/wp-content\/uploads\/2025\/01\/97783-290x300.jpg 290w, https:\/\/lesrecettesdetamita.fr\/wp-content\/uploads\/2025\/01\/97783-768x794.jpg 768w, https:\/\/lesrecettesdetamita.fr\/wp-content\/uploads\/2025\/01\/97783-12x12.jpg 12w, https:\/\/lesrecettesdetamita.fr\/wp-content\/uploads\/2025\/01\/97783.jpg 1170w\" sizes=\"(max-width: 800px) 100vw, 800px\" \/>\t\t\t\t\t\t\t\t\t\t\t\t\t\t\t<\/div>\n\t\t\t\t<\/div>\n\t\t\t\t<\/div>\n\t\t\t\t\t<\/div>\n\t\t\t\t<\/div>\n\t\t\t\t<\/div>","protected":false},"excerpt":{"rendered":"<p>\u00c0 propos Bienvenue dans l&rsquo;univers des recettes de Tamita, un voyage culinaire riche en saveurs et en histoires. Tamita a grandi en Italie, o\u00f9 son amour pour la cuisine a commenc\u00e9 d\u00e8s son enfance. C&rsquo;est \u00e0 l&rsquo;\u00e2ge de 7 ans qu&rsquo;elle a r\u00e9alis\u00e9 sa premi\u00e8re pizza \u2014 un \u00e9chec m\u00e9morable, br\u00fbl\u00e9e et dure comme une [&hellip;]<\/p>\n","protected":false},"author":1,"featured_media":0,"parent":0,"menu_order":0,"comment_status":"closed","ping_status":"closed","template":"elementor_header_footer","meta":{"wprm-recipe-roundup-name":"","wprm-recipe-roundup-description":"","footnotes":""},"class_list":["post-34","page","type-page","status-publish","hentry"],"yoast_head":"<!-- This site is optimized with the Yoast SEO plugin v27.6 - https:\/\/yoast.com\/product\/yoast-seo-wordpress\/ -->\n<title>\u00c0 propos - Les recettes de Tamita<\/title>\n<meta name=\"description\" content=\"Plongez dans l&#039;univers des Recettes de Tamita : un voyage culinaire inspir\u00e9 par la passion des saveurs du monde. D\u00e9couvrez mon histoire et ma mission de partager des recettes authentiques et gourmandes.\" \/>\n<meta name=\"robots\" content=\"index, follow, max-snippet:-1, max-image-preview:large, max-video-preview:-1\" \/>\n<link rel=\"canonical\" href=\"https:\/\/lesrecettesdetamita.fr\/de\/a-propos\/\" \/>\n<meta property=\"og:locale\" content=\"de_DE\" \/>\n<meta property=\"og:type\" content=\"article\" \/>\n<meta property=\"og:title\" content=\"\u00c0 propos - Les recettes de Tamita\" \/>\n<meta property=\"og:description\" content=\"Plongez dans l&#039;univers des Recettes de Tamita : un voyage culinaire inspir\u00e9 par la passion des saveurs du monde. D\u00e9couvrez mon histoire et ma mission de partager des recettes authentiques et gourmandes.\" \/>\n<meta property=\"og:url\" content=\"https:\/\/lesrecettesdetamita.fr\/de\/a-propos\/\" \/>\n<meta property=\"og:site_name\" content=\"Les recettes de Tamita\" \/>\n<meta property=\"article:modified_time\" content=\"2025-01-17T15:10:17+00:00\" \/>\n<meta property=\"og:image\" content=\"https:\/\/lesrecettesdetamita.fr\/wp-content\/uploads\/2025\/01\/54119.jpg\" \/>\n\t<meta property=\"og:image:width\" content=\"1170\" \/>\n\t<meta property=\"og:image:height\" content=\"1163\" \/>\n\t<meta property=\"og:image:type\" content=\"image\/jpeg\" \/>\n<meta name=\"twitter:card\" content=\"summary_large_image\" \/>\n<meta name=\"twitter:label1\" content=\"Gesch\u00e4tzte Lesezeit\" \/>\n\t<meta name=\"twitter:data1\" content=\"2\u00a0Minuten\" \/>\n<script type=\"application\/ld+json\" class=\"yoast-schema-graph\">{\"@context\":\"https:\\\/\\\/schema.org\",\"@graph\":[{\"@type\":\"WebPage\",\"@id\":\"https:\\\/\\\/lesrecettesdetamita.fr\\\/a-propos\\\/\",\"url\":\"https:\\\/\\\/lesrecettesdetamita.fr\\\/a-propos\\\/\",\"name\":\"\u00c0 propos - Les recettes de Tamita\",\"isPartOf\":{\"@id\":\"https:\\\/\\\/lesrecettesdetamita.fr\\\/#website\"},\"primaryImageOfPage\":{\"@id\":\"https:\\\/\\\/lesrecettesdetamita.fr\\\/a-propos\\\/#primaryimage\"},\"image\":{\"@id\":\"https:\\\/\\\/lesrecettesdetamita.fr\\\/a-propos\\\/#primaryimage\"},\"thumbnailUrl\":\"https:\\\/\\\/lesrecettesdetamita.fr\\\/wp-content\\\/uploads\\\/2025\\\/01\\\/54119-1024x1018.jpg\",\"datePublished\":\"2024-12-19T13:43:57+00:00\",\"dateModified\":\"2025-01-17T15:10:17+00:00\",\"description\":\"Plongez dans l'univers des Recettes de Tamita : un voyage culinaire inspir\u00e9 par la passion des saveurs du monde. D\u00e9couvrez mon histoire et ma mission de partager des recettes authentiques et gourmandes.\",\"breadcrumb\":{\"@id\":\"https:\\\/\\\/lesrecettesdetamita.fr\\\/a-propos\\\/#breadcrumb\"},\"inLanguage\":\"de\",\"potentialAction\":[{\"@type\":\"ReadAction\",\"target\":[\"https:\\\/\\\/lesrecettesdetamita.fr\\\/a-propos\\\/\"]}]},{\"@type\":\"ImageObject\",\"inLanguage\":\"de\",\"@id\":\"https:\\\/\\\/lesrecettesdetamita.fr\\\/a-propos\\\/#primaryimage\",\"url\":\"https:\\\/\\\/lesrecettesdetamita.fr\\\/wp-content\\\/uploads\\\/2025\\\/01\\\/54119-1024x1018.jpg\",\"contentUrl\":\"https:\\\/\\\/lesrecettesdetamita.fr\\\/wp-content\\\/uploads\\\/2025\\\/01\\\/54119-1024x1018.jpg\"},{\"@type\":\"BreadcrumbList\",\"@id\":\"https:\\\/\\\/lesrecettesdetamita.fr\\\/a-propos\\\/#breadcrumb\",\"itemListElement\":[{\"@type\":\"ListItem\",\"position\":1,\"name\":\"Accueil\",\"item\":\"https:\\\/\\\/lesrecettesdetamita.fr\\\/\"},{\"@type\":\"ListItem\",\"position\":2,\"name\":\"\u00c0 propos\"}]},{\"@type\":\"WebSite\",\"@id\":\"https:\\\/\\\/lesrecettesdetamita.fr\\\/#website\",\"url\":\"https:\\\/\\\/lesrecettesdetamita.fr\\\/\",\"name\":\"Les recettes de Tamita\",\"description\":\"\",\"publisher\":{\"@id\":\"https:\\\/\\\/lesrecettesdetamita.fr\\\/#organization\"},\"potentialAction\":[{\"@type\":\"SearchAction\",\"target\":{\"@type\":\"EntryPoint\",\"urlTemplate\":\"https:\\\/\\\/lesrecettesdetamita.fr\\\/?s={search_term_string}\"},\"query-input\":{\"@type\":\"PropertyValueSpecification\",\"valueRequired\":true,\"valueName\":\"search_term_string\"}}],\"inLanguage\":\"de\"},{\"@type\":\"Organization\",\"@id\":\"https:\\\/\\\/lesrecettesdetamita.fr\\\/#organization\",\"name\":\"Les recettes de Tamita\",\"url\":\"https:\\\/\\\/lesrecettesdetamita.fr\\\/\",\"logo\":{\"@type\":\"ImageObject\",\"inLanguage\":\"de\",\"@id\":\"https:\\\/\\\/lesrecettesdetamita.fr\\\/#\\\/schema\\\/logo\\\/image\\\/\",\"url\":\"https:\\\/\\\/lesrecettesdetamita.fr\\\/wp-content\\\/uploads\\\/2024\\\/12\\\/cropped-cropped-LES-RECETTES-DE-TAMITA-2.png\",\"contentUrl\":\"https:\\\/\\\/lesrecettesdetamita.fr\\\/wp-content\\\/uploads\\\/2024\\\/12\\\/cropped-cropped-LES-RECETTES-DE-TAMITA-2.png\",\"width\":512,\"height\":512,\"caption\":\"Les recettes de Tamita\"},\"image\":{\"@id\":\"https:\\\/\\\/lesrecettesdetamita.fr\\\/#\\\/schema\\\/logo\\\/image\\\/\"}}]}<\/script>\n<!-- \/ Yoast SEO plugin. -->","yoast_head_json":{"title":"\u00dcber uns - Tamitas Rezepte","description":"Tauchen Sie ein in die Welt der Recettes de Tamita: eine kulinarische Reise, die von der Leidenschaft f\u00fcr die Aromen der Welt inspiriert ist. Entdecken Sie meine Geschichte und meine Mission, authentische und leckere Rezepte zu teilen.","robots":{"index":"index","follow":"follow","max-snippet":"max-snippet:-1","max-image-preview":"max-image-preview:large","max-video-preview":"max-video-preview:-1"},"canonical":"https:\/\/lesrecettesdetamita.fr\/de\/a-propos\/","og_locale":"de_DE","og_type":"article","og_title":"\u00c0 propos - Les recettes de Tamita","og_description":"Plongez dans l'univers des Recettes de Tamita : un voyage culinaire inspir\u00e9 par la passion des saveurs du monde. D\u00e9couvrez mon histoire et ma mission de partager des recettes authentiques et gourmandes.","og_url":"https:\/\/lesrecettesdetamita.fr\/de\/a-propos\/","og_site_name":"Les recettes de Tamita","article_modified_time":"2025-01-17T15:10:17+00:00","og_image":[{"width":1170,"height":1163,"url":"https:\/\/lesrecettesdetamita.fr\/wp-content\/uploads\/2025\/01\/54119.jpg","type":"image\/jpeg"}],"twitter_card":"summary_large_image","twitter_misc":{"Gesch\u00e4tzte Lesezeit":"2\u00a0Minuten"},"schema":{"@context":"https:\/\/schema.org","@graph":[{"@type":"WebPage","@id":"https:\/\/lesrecettesdetamita.fr\/a-propos\/","url":"https:\/\/lesrecettesdetamita.fr\/a-propos\/","name":"\u00dcber uns - Tamitas Rezepte","isPartOf":{"@id":"https:\/\/lesrecettesdetamita.fr\/#website"},"primaryImageOfPage":{"@id":"https:\/\/lesrecettesdetamita.fr\/a-propos\/#primaryimage"},"image":{"@id":"https:\/\/lesrecettesdetamita.fr\/a-propos\/#primaryimage"},"thumbnailUrl":"https:\/\/lesrecettesdetamita.fr\/wp-content\/uploads\/2025\/01\/54119-1024x1018.jpg","datePublished":"2024-12-19T13:43:57+00:00","dateModified":"2025-01-17T15:10:17+00:00","description":"Tauchen Sie ein in die Welt der Recettes de Tamita: eine kulinarische Reise, die von der Leidenschaft f\u00fcr die Aromen der Welt inspiriert ist. Entdecken Sie meine Geschichte und meine Mission, authentische und leckere Rezepte zu teilen.","breadcrumb":{"@id":"https:\/\/lesrecettesdetamita.fr\/a-propos\/#breadcrumb"},"inLanguage":"de","potentialAction":[{"@type":"ReadAction","target":["https:\/\/lesrecettesdetamita.fr\/a-propos\/"]}]},{"@type":"ImageObject","inLanguage":"de","@id":"https:\/\/lesrecettesdetamita.fr\/a-propos\/#primaryimage","url":"https:\/\/lesrecettesdetamita.fr\/wp-content\/uploads\/2025\/01\/54119-1024x1018.jpg","contentUrl":"https:\/\/lesrecettesdetamita.fr\/wp-content\/uploads\/2025\/01\/54119-1024x1018.jpg"},{"@type":"BreadcrumbList","@id":"https:\/\/lesrecettesdetamita.fr\/a-propos\/#breadcrumb","itemListElement":[{"@type":"ListItem","position":1,"name":"Accueil","item":"https:\/\/lesrecettesdetamita.fr\/"},{"@type":"ListItem","position":2,"name":"\u00c0 propos"}]},{"@type":"WebSite","@id":"https:\/\/lesrecettesdetamita.fr\/#website","url":"https:\/\/lesrecettesdetamita.fr\/","name":"Tamitas Rezepte","description":"","publisher":{"@id":"https:\/\/lesrecettesdetamita.fr\/#organization"},"potentialAction":[{"@type":"SearchAction","target":{"@type":"EntryPoint","urlTemplate":"https:\/\/lesrecettesdetamita.fr\/?s={search_term_string}"},"query-input":{"@type":"PropertyValueSpecification","valueRequired":true,"valueName":"search_term_string"}}],"inLanguage":"de"},{"@type":"Organization","@id":"https:\/\/lesrecettesdetamita.fr\/#organization","name":"Tamitas Rezepte","url":"https:\/\/lesrecettesdetamita.fr\/","logo":{"@type":"ImageObject","inLanguage":"de","@id":"https:\/\/lesrecettesdetamita.fr\/#\/schema\/logo\/image\/","url":"https:\/\/lesrecettesdetamita.fr\/wp-content\/uploads\/2024\/12\/cropped-cropped-LES-RECETTES-DE-TAMITA-2.png","contentUrl":"https:\/\/lesrecettesdetamita.fr\/wp-content\/uploads\/2024\/12\/cropped-cropped-LES-RECETTES-DE-TAMITA-2.png","width":512,"height":512,"caption":"Les recettes de Tamita"},"image":{"@id":"https:\/\/lesrecettesdetamita.fr\/#\/schema\/logo\/image\/"}}]}},"_links":{"self":[{"href":"https:\/\/lesrecettesdetamita.fr\/de\/wp-json\/wp\/v2\/pages\/34","targetHints":{"allow":["GET"]}}],"collection":[{"href":"https:\/\/lesrecettesdetamita.fr\/de\/wp-json\/wp\/v2\/pages"}],"about":[{"href":"https:\/\/lesrecettesdetamita.fr\/de\/wp-json\/wp\/v2\/types\/page"}],"author":[{"embeddable":true,"href":"https:\/\/lesrecettesdetamita.fr\/de\/wp-json\/wp\/v2\/users\/1"}],"replies":[{"embeddable":true,"href":"https:\/\/lesrecettesdetamita.fr\/de\/wp-json\/wp\/v2\/comments?post=34"}],"version-history":[{"count":20,"href":"https:\/\/lesrecettesdetamita.fr\/de\/wp-json\/wp\/v2\/pages\/34\/revisions"}],"predecessor-version":[{"id":447,"href":"https:\/\/lesrecettesdetamita.fr\/de\/wp-json\/wp\/v2\/pages\/34\/revisions\/447"}],"wp:attachment":[{"href":"https:\/\/lesrecettesdetamita.fr\/de\/wp-json\/wp\/v2\/media?parent=34"}],"curies":[{"name":"wp","href":"https:\/\/api.w.org\/{rel}","templated":true}]}}