{"id":185,"date":"2024-12-20T14:52:00","date_gmt":"2024-12-20T13:52:00","guid":{"rendered":"https:\/\/lesrecettesdetamita.fr\/?page_id=185"},"modified":"2024-12-20T15:16:00","modified_gmt":"2024-12-20T14:16:00","slug":"datenschutzrichtlinie","status":"publish","type":"page","link":"https:\/\/lesrecettesdetamita.fr\/de\/politique-de-confidentialite\/","title":{"rendered":"Datenschutzrichtlinie"},"content":{"rendered":"<div data-elementor-type=\"wp-page\" data-elementor-id=\"185\" class=\"elementor elementor-185\" data-elementor-post-type=\"page\">\n\t\t\t\t<div class=\"elementor-element elementor-element-a93775e e-flex e-con-boxed e-con e-parent\" data-id=\"a93775e\" data-element_type=\"container\" data-e-type=\"container\" data-settings=\"{&quot;jet_parallax_layout_list&quot;:[]}\">\n\t\t\t\t\t<div class=\"e-con-inner\">\n\t\t\t\t<div class=\"elementor-element elementor-element-8e1a0ac elementor-widget elementor-widget-heading\" data-id=\"8e1a0ac\" data-element_type=\"widget\" data-e-type=\"widget\" data-widget_type=\"heading.default\">\n\t\t\t\t<div class=\"elementor-widget-container\">\n\t\t\t\t\t<h1 class=\"elementor-heading-title elementor-size-default\">Datenschutzrichtlinie<\/h1>\t\t\t\t<\/div>\n\t\t\t\t<\/div>\n\t\t\t\t<div class=\"elementor-element elementor-element-94ec036 titre-custom elementor-widget elementor-widget-text-editor\" data-id=\"94ec036\" data-element_type=\"widget\" data-e-type=\"widget\" data-widget_type=\"text-editor.default\">\n\t\t\t\t<div class=\"elementor-widget-container\">\n\t\t\t\t\t\t\t\t\t<p data-pm-slice=\"1 1 []\">Les Recettes de Tamita, als Eigent\u00fcmer der Website <a>https:\/\/lesrecettesdetamita.fr<\/a>Die Website ist verpflichtet, die Privatsph\u00e4re ihrer Nutzer zu sch\u00fctzen und die Vertraulichkeit der \u00fcber diese Website gesammelten pers\u00f6nlichen Informationen zu gew\u00e4hrleisten.<\/p><h2>1. Verantwortlicher f\u00fcr die Verarbeitung personenbezogener Daten<\/h2><p>Der Verantwortliche f\u00fcr die Verarbeitung der auf dieser Website gesammelten pers\u00f6nlichen Daten ist: Les Recettes de Tamita Email : <a>contact@lesrecettesdetamita.fr<\/a><\/p><h2>2. Art der gesammelten Daten<\/h2><p>Wir sammeln die folgenden Informationen, wenn Sie auf unserer Website surfen:<\/p><ul data-spread=\"false\"><li><p>Name, Vorname<\/p><\/li><li><p>E-Mail-Adresse<\/p><\/li><li><p>Telefonnummer<\/p><\/li><li><p>Postanschrift (falls erforderlich)<\/p><\/li><\/ul><p>Diese Daten werden nur gesammelt, wenn Sie ein Kontaktformular ausf\u00fcllen oder eine E-Mail senden.<\/p><h2>3. Zweck der Datenverarbeitung Die erhobenen personenbezogenen Daten werden verwendet, um :<\/h2><ul data-spread=\"false\"><li><p>Beantwortung von Anfragen und Fragen, die \u00fcber das Kontaktformular gesendet wurden.<\/p><\/li><li><p>Verbesserung unserer Dienstleistungen und Kommunikation.<\/p><\/li><li><p>Bereitstellung der vom Nutzer angeforderten Informationen oder Dienste.<\/p><\/li><\/ul><h2>4. Aufbewahrung der Daten<\/h2><p>Ihre Daten werden f\u00fcr maximal drei Jahre ab dem letzten Austausch mit Ihnen aufbewahrt, sofern nicht ein l\u00e4ngerer Zeitraum erforderlich ist, um gesetzlichen oder regulatorischen Verpflichtungen nachzukommen.<\/p><h2>5. Teilen von Daten<\/h2><p>Wir werden Ihre personenbezogenen Daten ohne Ihre Zustimmung nicht an Dritte verkaufen, vermieten oder mit ihnen handeln, au\u00dfer wenn dies zur Erf\u00fcllung einer gesetzlichen Verpflichtung erforderlich ist.<\/p><h2>6. Sicherheit der Daten<\/h2><p>Wir ergreifen angemessene Ma\u00dfnahmen, um Ihre Daten vor unbefugtem Zugriff, Verlust, Zerst\u00f6rung oder Offenlegung zu sch\u00fctzen.<\/p><h2>7. Ihre Rechte<\/h2><p>Gem\u00e4\u00df den geltenden Gesetzen haben Sie folgende Rechte bez\u00fcglich Ihrer pers\u00f6nlichen Daten:<\/p><ul data-spread=\"false\"><li><p>Recht auf Zugang<\/p><\/li><li><p>Recht auf Berichtigung<\/p><\/li><li><p>Recht auf L\u00f6schung<\/p><\/li><li><p>Recht auf Einschr\u00e4nkung der Verarbeitung<\/p><\/li><li><p>Recht auf Daten\u00fcbertragbarkeit<\/p><\/li><li><p>Recht auf Widerspruch gegen die Verarbeitung<\/p><\/li><\/ul><p>Sie k\u00f6nnen diese Rechte aus\u00fcben, indem Sie uns unter der folgenden Adresse kontaktieren: <a>contact@lesrecettesdetamita.fr<\/a>.<\/p><h2>8. Verwendung von Cookies<\/h2><p>Unsere Website verwendet Cookies, um Ihr Surferlebnis zu verbessern. Sie k\u00f6nnen Ihren Browser so einstellen, dass Sie Cookies ablehnen oder informiert werden, wenn sie gesetzt werden. Es kann jedoch sein, dass einige Funktionen der Website nicht mehr richtig funktionieren.<\/p><h2>9. \u00c4nderung der Datenschutzrichtlinie<\/h2><p>Wir behalten uns das Recht vor, diese Datenschutzrichtlinie jederzeit zu \u00e4ndern. \u00c4nderungen werden auf dieser Seite ver\u00f6ffentlicht und treten sofort in Kraft.<\/p><h2>10. Kontakt<\/h2><p>Wenn Sie Fragen oder W\u00fcnsche bez\u00fcglich der Verwaltung Ihrer pers\u00f6nlichen Daten haben, k\u00f6nnen Sie uns per E-Mail kontaktieren unter <a>contact@lesrecettesdetamita.fr<\/a>.<\/p>\t\t\t\t\t\t\t\t<\/div>\n\t\t\t\t<\/div>\n\t\t\t\t\t<\/div>\n\t\t\t\t<\/div>\n\t\t\t\t<\/div>","protected":false},"excerpt":{"rendered":"<p>Les Recettes de Tamita, en tant que propri\u00e9taire du site internet https:\/\/lesrecettesdetamita.fr, s\u2019engage \u00e0 prot\u00e9ger la vie priv\u00e9e de ses utilisateurs et \u00e0 garantir la confidentialit\u00e9 des informations personnelles collect\u00e9es via ce site. 1. Responsable du traitement des donn\u00e9es personnelles Le responsable du traitement des donn\u00e9es personnelles collect\u00e9es sur ce site est : Les Recettes [&hellip;]<\/p>\n","protected":false},"author":1,"featured_media":0,"parent":0,"menu_order":0,"comment_status":"closed","ping_status":"closed","template":"elementor_header_footer","meta":{"wprm-recipe-roundup-name":"","wprm-recipe-roundup-description":"","footnotes":""},"class_list":["post-185","page","type-page","status-publish","hentry"],"yoast_head":"<!-- This site is optimized with the Yoast SEO plugin v27.6 - https:\/\/yoast.com\/product\/yoast-seo-wordpress\/ -->\n<title>Politique de confidentialit\u00e9 - Les recettes de Tamita<\/title>\n<meta name=\"robots\" content=\"index, follow, max-snippet:-1, max-image-preview:large, max-video-preview:-1\" \/>\n<link rel=\"canonical\" href=\"https:\/\/lesrecettesdetamita.fr\/de\/datenschutzrichtlinie\/\" \/>\n<meta property=\"og:locale\" content=\"de_DE\" \/>\n<meta property=\"og:type\" content=\"article\" \/>\n<meta property=\"og:title\" content=\"Politique de confidentialit\u00e9 - Les recettes de Tamita\" \/>\n<meta property=\"og:description\" content=\"Les Recettes de Tamita, en tant que propri\u00e9taire du site internet https:\/\/lesrecettesdetamita.fr, s\u2019engage \u00e0 prot\u00e9ger la vie priv\u00e9e de ses utilisateurs et \u00e0 garantir la confidentialit\u00e9 des informations personnelles collect\u00e9es via ce site. 1. Responsable du traitement des donn\u00e9es personnelles Le responsable du traitement des donn\u00e9es personnelles collect\u00e9es sur ce site est : Les Recettes [&hellip;]\" \/>\n<meta property=\"og:url\" content=\"https:\/\/lesrecettesdetamita.fr\/de\/datenschutzrichtlinie\/\" \/>\n<meta property=\"og:site_name\" content=\"Les recettes de Tamita\" \/>\n<meta property=\"article:modified_time\" content=\"2024-12-20T14:16:00+00:00\" \/>\n<meta name=\"twitter:card\" content=\"summary_large_image\" \/>\n<meta name=\"twitter:label1\" content=\"Gesch\u00e4tzte Lesezeit\" \/>\n\t<meta name=\"twitter:data1\" content=\"2\u00a0Minuten\" \/>\n<script type=\"application\/ld+json\" class=\"yoast-schema-graph\">{\"@context\":\"https:\\\/\\\/schema.org\",\"@graph\":[{\"@type\":\"WebPage\",\"@id\":\"https:\\\/\\\/lesrecettesdetamita.fr\\\/politique-de-confidentialite\\\/\",\"url\":\"https:\\\/\\\/lesrecettesdetamita.fr\\\/politique-de-confidentialite\\\/\",\"name\":\"Politique de confidentialit\u00e9 - Les recettes de Tamita\",\"isPartOf\":{\"@id\":\"https:\\\/\\\/lesrecettesdetamita.fr\\\/#website\"},\"datePublished\":\"2024-12-20T13:52:00+00:00\",\"dateModified\":\"2024-12-20T14:16:00+00:00\",\"breadcrumb\":{\"@id\":\"https:\\\/\\\/lesrecettesdetamita.fr\\\/politique-de-confidentialite\\\/#breadcrumb\"},\"inLanguage\":\"de\",\"potentialAction\":[{\"@type\":\"ReadAction\",\"target\":[\"https:\\\/\\\/lesrecettesdetamita.fr\\\/politique-de-confidentialite\\\/\"]}]},{\"@type\":\"BreadcrumbList\",\"@id\":\"https:\\\/\\\/lesrecettesdetamita.fr\\\/politique-de-confidentialite\\\/#breadcrumb\",\"itemListElement\":[{\"@type\":\"ListItem\",\"position\":1,\"name\":\"Accueil\",\"item\":\"https:\\\/\\\/lesrecettesdetamita.fr\\\/\"},{\"@type\":\"ListItem\",\"position\":2,\"name\":\"Politique de confidentialit\u00e9\"}]},{\"@type\":\"WebSite\",\"@id\":\"https:\\\/\\\/lesrecettesdetamita.fr\\\/#website\",\"url\":\"https:\\\/\\\/lesrecettesdetamita.fr\\\/\",\"name\":\"Les recettes de Tamita\",\"description\":\"\",\"publisher\":{\"@id\":\"https:\\\/\\\/lesrecettesdetamita.fr\\\/#organization\"},\"potentialAction\":[{\"@type\":\"SearchAction\",\"target\":{\"@type\":\"EntryPoint\",\"urlTemplate\":\"https:\\\/\\\/lesrecettesdetamita.fr\\\/?s={search_term_string}\"},\"query-input\":{\"@type\":\"PropertyValueSpecification\",\"valueRequired\":true,\"valueName\":\"search_term_string\"}}],\"inLanguage\":\"de\"},{\"@type\":\"Organization\",\"@id\":\"https:\\\/\\\/lesrecettesdetamita.fr\\\/#organization\",\"name\":\"Les recettes de Tamita\",\"url\":\"https:\\\/\\\/lesrecettesdetamita.fr\\\/\",\"logo\":{\"@type\":\"ImageObject\",\"inLanguage\":\"de\",\"@id\":\"https:\\\/\\\/lesrecettesdetamita.fr\\\/#\\\/schema\\\/logo\\\/image\\\/\",\"url\":\"https:\\\/\\\/lesrecettesdetamita.fr\\\/wp-content\\\/uploads\\\/2024\\\/12\\\/cropped-cropped-LES-RECETTES-DE-TAMITA-2.png\",\"contentUrl\":\"https:\\\/\\\/lesrecettesdetamita.fr\\\/wp-content\\\/uploads\\\/2024\\\/12\\\/cropped-cropped-LES-RECETTES-DE-TAMITA-2.png\",\"width\":512,\"height\":512,\"caption\":\"Les recettes de Tamita\"},\"image\":{\"@id\":\"https:\\\/\\\/lesrecettesdetamita.fr\\\/#\\\/schema\\\/logo\\\/image\\\/\"}}]}<\/script>\n<!-- \/ Yoast SEO plugin. -->","yoast_head_json":{"title":"Datenschutzrichtlinie - Les recettes de Tamita (Die Rezepte von Tamita)","robots":{"index":"index","follow":"follow","max-snippet":"max-snippet:-1","max-image-preview":"max-image-preview:large","max-video-preview":"max-video-preview:-1"},"canonical":"https:\/\/lesrecettesdetamita.fr\/de\/datenschutzrichtlinie\/","og_locale":"de_DE","og_type":"article","og_title":"Politique de confidentialit\u00e9 - Les recettes de Tamita","og_description":"Les Recettes de Tamita, en tant que propri\u00e9taire du site internet https:\/\/lesrecettesdetamita.fr, s\u2019engage \u00e0 prot\u00e9ger la vie priv\u00e9e de ses utilisateurs et \u00e0 garantir la confidentialit\u00e9 des informations personnelles collect\u00e9es via ce site. 1. Responsable du traitement des donn\u00e9es personnelles Le responsable du traitement des donn\u00e9es personnelles collect\u00e9es sur ce site est : Les Recettes [&hellip;]","og_url":"https:\/\/lesrecettesdetamita.fr\/de\/datenschutzrichtlinie\/","og_site_name":"Les recettes de Tamita","article_modified_time":"2024-12-20T14:16:00+00:00","twitter_card":"summary_large_image","twitter_misc":{"Gesch\u00e4tzte Lesezeit":"2\u00a0Minuten"},"schema":{"@context":"https:\/\/schema.org","@graph":[{"@type":"WebPage","@id":"https:\/\/lesrecettesdetamita.fr\/politique-de-confidentialite\/","url":"https:\/\/lesrecettesdetamita.fr\/politique-de-confidentialite\/","name":"Datenschutzrichtlinie - Les recettes de Tamita (Die Rezepte von Tamita)","isPartOf":{"@id":"https:\/\/lesrecettesdetamita.fr\/#website"},"datePublished":"2024-12-20T13:52:00+00:00","dateModified":"2024-12-20T14:16:00+00:00","breadcrumb":{"@id":"https:\/\/lesrecettesdetamita.fr\/politique-de-confidentialite\/#breadcrumb"},"inLanguage":"de","potentialAction":[{"@type":"ReadAction","target":["https:\/\/lesrecettesdetamita.fr\/politique-de-confidentialite\/"]}]},{"@type":"BreadcrumbList","@id":"https:\/\/lesrecettesdetamita.fr\/politique-de-confidentialite\/#breadcrumb","itemListElement":[{"@type":"ListItem","position":1,"name":"Accueil","item":"https:\/\/lesrecettesdetamita.fr\/"},{"@type":"ListItem","position":2,"name":"Politique de confidentialit\u00e9"}]},{"@type":"WebSite","@id":"https:\/\/lesrecettesdetamita.fr\/#website","url":"https:\/\/lesrecettesdetamita.fr\/","name":"Tamitas Rezepte","description":"","publisher":{"@id":"https:\/\/lesrecettesdetamita.fr\/#organization"},"potentialAction":[{"@type":"SearchAction","target":{"@type":"EntryPoint","urlTemplate":"https:\/\/lesrecettesdetamita.fr\/?s={search_term_string}"},"query-input":{"@type":"PropertyValueSpecification","valueRequired":true,"valueName":"search_term_string"}}],"inLanguage":"de"},{"@type":"Organization","@id":"https:\/\/lesrecettesdetamita.fr\/#organization","name":"Tamitas Rezepte","url":"https:\/\/lesrecettesdetamita.fr\/","logo":{"@type":"ImageObject","inLanguage":"de","@id":"https:\/\/lesrecettesdetamita.fr\/#\/schema\/logo\/image\/","url":"https:\/\/lesrecettesdetamita.fr\/wp-content\/uploads\/2024\/12\/cropped-cropped-LES-RECETTES-DE-TAMITA-2.png","contentUrl":"https:\/\/lesrecettesdetamita.fr\/wp-content\/uploads\/2024\/12\/cropped-cropped-LES-RECETTES-DE-TAMITA-2.png","width":512,"height":512,"caption":"Les recettes de Tamita"},"image":{"@id":"https:\/\/lesrecettesdetamita.fr\/#\/schema\/logo\/image\/"}}]}},"_links":{"self":[{"href":"https:\/\/lesrecettesdetamita.fr\/de\/wp-json\/wp\/v2\/pages\/185","targetHints":{"allow":["GET"]}}],"collection":[{"href":"https:\/\/lesrecettesdetamita.fr\/de\/wp-json\/wp\/v2\/pages"}],"about":[{"href":"https:\/\/lesrecettesdetamita.fr\/de\/wp-json\/wp\/v2\/types\/page"}],"author":[{"embeddable":true,"href":"https:\/\/lesrecettesdetamita.fr\/de\/wp-json\/wp\/v2\/users\/1"}],"replies":[{"embeddable":true,"href":"https:\/\/lesrecettesdetamita.fr\/de\/wp-json\/wp\/v2\/comments?post=185"}],"version-history":[{"count":10,"href":"https:\/\/lesrecettesdetamita.fr\/de\/wp-json\/wp\/v2\/pages\/185\/revisions"}],"predecessor-version":[{"id":233,"href":"https:\/\/lesrecettesdetamita.fr\/de\/wp-json\/wp\/v2\/pages\/185\/revisions\/233"}],"wp:attachment":[{"href":"https:\/\/lesrecettesdetamita.fr\/de\/wp-json\/wp\/v2\/media?parent=185"}],"curies":[{"name":"wp","href":"https:\/\/api.w.org\/{rel}","templated":true}]}}